{"id":1174,"date":"2024-09-18T17:07:09","date_gmt":"2024-09-18T17:07:09","guid":{"rendered":"https:\/\/buszujacawangielskim.pl\/?page_id=1174"},"modified":"2024-12-08T20:55:31","modified_gmt":"2024-12-08T20:55:31","slug":"podejmij-wyzwanie-business-english","status":"publish","type":"page","link":"https:\/\/buszujacawangielskim.pl\/?page_id=1174","title":{"rendered":"Pobierz ebook za 0z\u0142"},"content":{"rendered":"\n<p style=\"font-size:23px\"><strong>Odbierz ebook, z kt\u00f3rym zwi\u0119kszysz swobod\u0119 m\u00f3wienia w pracy! <\/strong><\/p>\n\n\n\n<p style=\"font-size:20px\">Uczysz si\u0119 angielskiego ju\u017c od d\u0142u\u017cszego czasu, jednak nadal masz wra\u017cenie, \u017ce <strong>nie brzmisz tak dobrze jak Twoi wsp\u00f3\u0142pracownicy,<\/strong> kt\u00f3rzy wydaj\u0105 si\u0119 sypa\u0107 fancy zwrotami jak z r\u0119kawa? A mo\u017ce zdarza Ci si\u0119 przy\u0142apywa\u0107 na tym, \u017ce <strong>nie do ko\u0144ca rozumiesz to, co m\u00f3wi\u0105 do Ciebie Twoi zagraniczni klienci<\/strong>, kt\u00f3rych angielski jest na naprawd\u0119 wysokim poziomie? <\/p>\n\n\n\n<p style=\"font-size:20px\">Je\u015bli tak w\u0142a\u015bnie jest, to musisz wiedzie\u0107, \u017ce rozwi\u0105zanie tkwi\u0107 mo\u017ce w <strong>phrasal verbs oraz idiomach<\/strong>, od kt\u00f3rych stosowania zwykle nie stroni\u0105 osoby z bardzo zaawansowanym angielskim. <\/p>\n\n\n\n<hr class=\"wp-block-separator has-text-color has-ast-global-color-0-color has-alpha-channel-opacity has-ast-global-color-0-background-color has-background\"\/>\n\n\n\n<div class=\"wp-block-media-text is-stacked-on-mobile is-vertically-aligned-center\" style=\"grid-template-columns:36% auto\"><figure class=\"wp-block-media-text__media\"><img fetchpriority=\"high\" decoding=\"async\" width=\"1080\" height=\"1920\" src=\"https:\/\/buszujacawangielskim.pl\/wp-content\/uploads\/Beige-and-Brown-Modern-Digital-Product-Mockup-Instagram-Story.png\" alt=\"\" class=\"wp-image-1176 size-full\" srcset=\"https:\/\/buszujacawangielskim.pl\/wp-content\/uploads\/Beige-and-Brown-Modern-Digital-Product-Mockup-Instagram-Story.png 1080w, https:\/\/buszujacawangielskim.pl\/wp-content\/uploads\/Beige-and-Brown-Modern-Digital-Product-Mockup-Instagram-Story-768x1365.png 768w, https:\/\/buszujacawangielskim.pl\/wp-content\/uploads\/Beige-and-Brown-Modern-Digital-Product-Mockup-Instagram-Story-864x1536.png 864w, https:\/\/buszujacawangielskim.pl\/wp-content\/uploads\/Beige-and-Brown-Modern-Digital-Product-Mockup-Instagram-Story-599x1065.png 599w\" sizes=\"(max-width: 1080px) 100vw, 1080px\" \/><\/figure><div class=\"wp-block-media-text__content\">\n<p>&#x2b50; W ebooku znajdziesz <strong>phrasal verbs<\/strong>, z kt\u00f3rymi poczujesz si\u0119 swobodniej w sytuacjach takich jak <strong>small talk z zagranicznym klientem, rozmowy telefoniczne, czy te\u017c spotkania z zespo\u0142em.<\/strong><\/p>\n\n\n\n<p>&#x2b50; W \u015brodku czekaj\u0105 na Ciebie r\u00f3wnie\u017c <strong>idiomy<\/strong>, kt\u00f3re pomog\u0105 Ci lepiej odnale\u017a\u0107 si\u0119 w <strong>rozmowach o deadline&#8217;ach i post\u0119pach<\/strong>. <\/p>\n\n\n\n<p>&#x2b50; Przygotowa\u0142am dla Ciebie r\u00f3wnie\u017c <strong>zestaw \u0107wicze\u0144 roz\u0142o\u017conych na 5 dni<\/strong>, kt\u00f3re pomog\u0105 Ci <strong>systematycznie utrwali\u0107 now\u0105 wiedz\u0119<\/strong>.<\/p>\n\n\n\n                <div class=\"ml-embedded\" data-form=\"MWPbPV\"><\/div>\n            \n<\/div><\/div>\n\n\n\n<hr class=\"wp-block-separator has-text-color has-ast-global-color-0-color has-alpha-channel-opacity has-ast-global-color-0-background-color has-background\"\/>\n\n\n\n<div class=\"wp-block-media-text is-stacked-on-mobile is-vertically-aligned-center\" style=\"grid-template-columns:36% auto\"><figure class=\"wp-block-media-text__media\"><img decoding=\"async\" width=\"1030\" height=\"1117\" src=\"https:\/\/buszujacawangielskim.pl\/wp-content\/uploads\/Okladki-rolek-e1733690763534.png\" alt=\"\" class=\"wp-image-1404 size-full\" srcset=\"https:\/\/buszujacawangielskim.pl\/wp-content\/uploads\/Okladki-rolek-e1733690763534.png 1030w, https:\/\/buszujacawangielskim.pl\/wp-content\/uploads\/Okladki-rolek-e1733690763534-768x833.png 768w, https:\/\/buszujacawangielskim.pl\/wp-content\/uploads\/Okladki-rolek-e1733690763534-599x650.png 599w\" sizes=\"(max-width: 1030px) 100vw, 1030px\" \/><\/figure><div class=\"wp-block-media-text__content\">\n<p style=\"font-size:20px\">Nazywam si\u0119 Sylwia Chrzanowska i jestem trenerk\u0105 angielskiego ze stopniem magistra filologii angielskiej.  <\/p>\n\n\n\n<p style=\"font-size:20px\">Od 2019 roku <strong>wspieram doros\u0142ych w rozwijaniu ich kompetencji j\u0119zykowych<\/strong>, pomagaj\u0105c im realizowa\u0107 marzenia o <strong>wymarzonej pracy<\/strong>, <strong>awansie<\/strong> czy<strong> swobodnej komunikacji z zagranicznymi klientami i wsp\u00f3\u0142pracownikami<\/strong>. Do\u015bwiadczenie<strong> <\/strong>zdobywa\u0142am w szko\u0142ach j\u0119zykowych, ucz\u0105c osoby z r\u00f3\u017cnych sektor\u00f3w, w tym m.in.<strong> HR, IT, sprzeda\u017cy oraz zarz\u0105dzania<\/strong>.<\/p>\n\n\n\n<p style=\"font-size:20px\">Z my\u015bl\u0105 o tym, aby pom\u00f3c Ci zrobi\u0107 kolejny <strong>krok w kierunku wi\u0119kszej swobody i pewno\u015bci siebie w angielskim<\/strong>, stworzy\u0142am dla Ciebie <strong>ebook, kt\u00f3ry otrzymasz po zapisie na newsletter<\/strong>.<\/p>\n<\/div><\/div>\n","protected":false},"excerpt":{"rendered":"<p>Odbierz ebook, z kt\u00f3rym zwi\u0119kszysz swobod\u0119 m\u00f3wienia w pracy! Uczysz si\u0119 angielskiego ju\u017c od d\u0142u\u017cszego czasu, jednak nadal masz wra\u017cenie, \u017ce nie brzmisz tak dobrze jak Twoi wsp\u00f3\u0142pracownicy, kt\u00f3rzy wydaj\u0105 si\u0119 sypa\u0107 fancy zwrotami jak z r\u0119kawa? A mo\u017ce zdarza Ci si\u0119 przy\u0142apywa\u0107 na tym, \u017ce nie do ko\u0144ca rozumiesz to, co m\u00f3wi\u0105 do Ciebie [&hellip;]<\/p>\n","protected":false},"author":1,"featured_media":0,"parent":0,"menu_order":0,"comment_status":"closed","ping_status":"closed","template":"","meta":{"_uag_custom_page_level_css":"","_monsterinsights_skip_tracking":false,"_monsterinsights_sitenote_active":false,"_monsterinsights_sitenote_note":"","_monsterinsights_sitenote_category":0,"site-sidebar-layout":"default","site-content-layout":"","ast-site-content-layout":"","site-content-style":"default","site-sidebar-style":"default","ast-global-header-display":"","ast-banner-title-visibility":"","ast-main-header-display":"","ast-hfb-above-header-display":"","ast-hfb-below-header-display":"","ast-hfb-mobile-header-display":"","site-post-title":"disabled","ast-breadcrumbs-content":"","ast-featured-img":"","footer-sml-layout":"","ast-disable-related-posts":"","theme-transparent-header-meta":"","adv-header-id-meta":"","stick-header-meta":"","header-above-stick-meta":"","header-main-stick-meta":"","header-below-stick-meta":"","astra-migrate-meta-layouts":"default","ast-page-background-enabled":"default","ast-page-background-meta":{"desktop":{"background-color":"var(--ast-global-color-4)","background-image":"","background-repeat":"repeat","background-position":"center center","background-size":"auto","background-attachment":"scroll","background-type":"","background-media":"","overlay-type":"","overlay-color":"","overlay-opacity":"","overlay-gradient":""},"tablet":{"background-color":"","background-image":"","background-repeat":"repeat","background-position":"center center","background-size":"auto","background-attachment":"scroll","background-type":"","background-media":"","overlay-type":"","overlay-color":"","overlay-opacity":"","overlay-gradient":""},"mobile":{"background-color":"","background-image":"","background-repeat":"repeat","background-position":"center center","background-size":"auto","background-attachment":"scroll","background-type":"","background-media":"","overlay-type":"","overlay-color":"","overlay-opacity":"","overlay-gradient":""}},"ast-content-background-meta":{"desktop":{"background-color":"var(--ast-global-color-5)","background-image":"","background-repeat":"repeat","background-position":"center center","background-size":"auto","background-attachment":"scroll","background-type":"","background-media":"","overlay-type":"","overlay-color":"","overlay-opacity":"","overlay-gradient":""},"tablet":{"background-color":"var(--ast-global-color-5)","background-image":"","background-repeat":"repeat","background-position":"center center","background-size":"auto","background-attachment":"scroll","background-type":"","background-media":"","overlay-type":"","overlay-color":"","overlay-opacity":"","overlay-gradient":""},"mobile":{"background-color":"var(--ast-global-color-5)","background-image":"","background-repeat":"repeat","background-position":"center center","background-size":"auto","background-attachment":"scroll","background-type":"","background-media":"","overlay-type":"","overlay-color":"","overlay-opacity":"","overlay-gradient":""}},"footnotes":""},"class_list":["post-1174","page","type-page","status-publish","hentry"],"aioseo_notices":[],"uagb_featured_image_src":{"full":false,"thumbnail":false,"medium":false,"medium_large":false,"large":false,"1536x1536":false,"2048x2048":false},"uagb_author_info":{"display_name":"Sylwia Chrzanowska","author_link":"https:\/\/buszujacawangielskim.pl\/?author=1"},"uagb_comment_info":0,"uagb_excerpt":"Odbierz ebook, z kt\u00f3rym zwi\u0119kszysz swobod\u0119 m\u00f3wienia w pracy! Uczysz si\u0119 angielskiego ju\u017c od d\u0142u\u017cszego czasu, jednak nadal masz wra\u017cenie, \u017ce nie brzmisz tak dobrze jak Twoi wsp\u00f3\u0142pracownicy, kt\u00f3rzy wydaj\u0105 si\u0119 sypa\u0107 fancy zwrotami jak z r\u0119kawa? A mo\u017ce zdarza Ci si\u0119 przy\u0142apywa\u0107 na tym, \u017ce nie do ko\u0144ca rozumiesz to, co m\u00f3wi\u0105 do Ciebie&hellip;","_links":{"self":[{"href":"https:\/\/buszujacawangielskim.pl\/index.php?rest_route=\/wp\/v2\/pages\/1174","targetHints":{"allow":["GET"]}}],"collection":[{"href":"https:\/\/buszujacawangielskim.pl\/index.php?rest_route=\/wp\/v2\/pages"}],"about":[{"href":"https:\/\/buszujacawangielskim.pl\/index.php?rest_route=\/wp\/v2\/types\/page"}],"author":[{"embeddable":true,"href":"https:\/\/buszujacawangielskim.pl\/index.php?rest_route=\/wp\/v2\/users\/1"}],"replies":[{"embeddable":true,"href":"https:\/\/buszujacawangielskim.pl\/index.php?rest_route=%2Fwp%2Fv2%2Fcomments&post=1174"}],"version-history":[{"count":5,"href":"https:\/\/buszujacawangielskim.pl\/index.php?rest_route=\/wp\/v2\/pages\/1174\/revisions"}],"predecessor-version":[{"id":1407,"href":"https:\/\/buszujacawangielskim.pl\/index.php?rest_route=\/wp\/v2\/pages\/1174\/revisions\/1407"}],"wp:attachment":[{"href":"https:\/\/buszujacawangielskim.pl\/index.php?rest_route=%2Fwp%2Fv2%2Fmedia&parent=1174"}],"curies":[{"name":"wp","href":"https:\/\/api.w.org\/{rel}","templated":true}]}}