{"id":1312,"date":"2024-10-22T14:29:56","date_gmt":"2024-10-22T14:29:56","guid":{"rendered":"https:\/\/buszujacawangielskim.pl\/?page_id=1312"},"modified":"2025-09-07T09:31:01","modified_gmt":"2025-09-07T09:31:01","slug":"regulamin-konsultacji","status":"publish","type":"page","link":"https:\/\/buszujacawangielskim.pl\/?page_id=1312","title":{"rendered":"Regulamin konsultacji"},"content":{"rendered":"\t\t<div data-elementor-type=\"wp-page\" data-elementor-id=\"1312\" class=\"elementor elementor-1312\">\n\t\t\t\t<div class=\"elementor-element elementor-element-1d4289f3 e-flex e-con-boxed e-con e-parent\" data-id=\"1d4289f3\" data-element_type=\"container\" data-e-type=\"container\">\n\t\t\t\t\t<div class=\"e-con-inner\">\n\t\t\t\t<div class=\"elementor-element elementor-element-3271684c elementor-widget elementor-widget-text-editor\" data-id=\"3271684c\" data-element_type=\"widget\" data-e-type=\"widget\" data-widget_type=\"text-editor.default\">\n\t\t\t\t<div class=\"elementor-widget-container\">\n\t\t\t\t\t\t\t\t\t\n<p>REGULAMIN KONSULTACJI BUSZUJ\u0104CA W ANGIELSKIM<\/p>\n\n<p>\u00a71 Informacje podstawowe<\/p>\n\n<p>Tu dowiesz si\u0119 wi\u0119cej o tym, jak wygl\u0105da wsp\u00f3\u0142praca ze mn\u0105<\/p>\n<p><span style=\"font-size: 16px;\">1. Sylwia Chrzanowska, prowadz\u0105ca dzia\u0142alno\u015b\u0107 gospodarcz\u0105 pod nazw\u0105 Buszuj\u0105ca w angielskim, NIP: 5833471393, REGON: 524494568, adres: W\u0105w\u00f3z 7A, 80-013, Gda\u0144sk, e-mail: sylwia@buszujacawangielskim.pl, telefon: 507-069-038, zwana dalej Organizatorem, \u015bwiadczy us\u0142ugi edukacyjne dla Uczestnika, tj. przeprowadza zaj\u0119cia, kt\u00f3re zobowi\u0105za\u0142 si\u0119 zorganizowa\u0107 w formie zaj\u0119\u0107 indywidualnych lub grupowych, rezerwuje termin zaj\u0119\u0107 i pozostaje w gotowo\u015bci do \u015bwiadczenia us\u0142ug, a tak\u017ce przygotowuje niezb\u0119dne materia\u0142y do nauki.<\/span><\/p>\n<p>2. Szczeg\u00f3\u0142owe zasady wsp\u00f3\u0142pracy okre\u015bla Umowa\/Oferta zawieraj\u0105ca indywidualne uzgodnienia Stron (dalej jako Umowa) wraz z niniejszym Regulaminem. 3. <span style=\"font-size: 16px;\">Wsp\u00f3\u0142praca zostaje zawarta z chwil\u0105 akceptacji przez Klienta Umowy wraz z Regulaminem.<\/span><\/p>\n<p><span style=\"font-size: 16px;\">4. Termin konsultacji (o ile nie wskazano inaczej w Umowie) uzgadniany jest z wyprzedzaniem przez Organizatora i Uczestnika\/Klienta.<\/span><\/p>\n<p><span style=\"font-size: 16px;\">5. Materia\u0142y udost\u0119pniane przez Organizatora mog\u0105 by\u0107 wykorzystywane wy\u0142\u0105cznie przez Klienta\/Uczestnika na w\u0142asny u\u017cytek. Nieuprawnione jest dalsze rozpowszechnianie, udost\u0119pnianie, zgrywanie i pobieranie w jakikolwiek spos\u00f3b nagra\u0144 oraz innych udost\u0119pnianych informacji i materia\u0142\u00f3w. Prawami autorskimi dysponuje Organizator b\u0105d\u017a inny podmiot, od kt\u00f3rego Organizator uzyska\u0142 odpowiedni\u0105 licencj\u0119. Materia\u0142y mog\u0105 by\u0107 te\u017c wykorzystywane przez Organizatora w oparciu o inn\u0105 podstaw\u0119 prawn\u0105.\u00a0 \u00a0 \u00a0\u00a0<\/span><\/p>\n\n<p>\u00a72 Odwo\u0142anie\/zmiana terminu konsultacji<\/p>\n\n<p>Zale\u017cy mi na Twoim rozwoju. W wybranym przez Ciebie modelu wsp\u00f3\u0142pracy, nie tylko przeprowadzam spotkanie, ale tak\u017ce rezerwuj\u0119 Tw\u00f3j termin. Poznaj zasady, kt\u00f3re pozwol\u0105 nam na sprawn\u0105 wsp\u00f3\u0142prac\u0119.<\/p>\n<p><span style=\"font-size: 16px;\">1. Odwo\u0142anie\/zmiana terminu konsultacji przez Klienta\/ Uczestnika z przyczyn le\u017c\u0105cych po stronie Klienta\/Uczestnika jest mo\u017cliwa na zasadach opisanych poni\u017cej:<\/span><\/p>\n<p><span style=\"font-size: 16px;\">2. Klient\/Uczestnik informuje Organizatora o odwo\u0142aniu\/zmianie terminu najp\u00f3\u017aniej na 24 godziny przed planowanym spotkaniem (np. smsem\/e-mailem lub w inny przyj\u0119ty spos\u00f3b\u00a0 do komunikacji z Organizatorem); w takiej sytuacji zostanie wyznaczony inny termin do odrobienia spotkania. Zmiany terminu mo\u017cna dokona\u0107 nie wi\u0119cej ni\u017c dwa razy.<\/span><\/p>\n<p><span style=\"font-size: 16px;\">3. Organizator ma prawo zmiany\/odwo\u0142ania terminu zaj\u0119\u0107 wy\u0142\u0105cznie z wa\u017cnej przyczyny. Odwo\u0142anie\/zmiana powinny nast\u0105pi\u0107 najp\u00f3\u017aniej na 24 godziny przed planowanym terminem zaj\u0119\u0107, chyba \u017ce wa\u017cna przyczyna nast\u0105pi\u0142a p\u00f3\u017aniej (np. nag\u0142a choroba, zdarzenie losowe). W takiej sytuacji zostanie wyznaczony inny termin do odrobienia spotkania \u00a0w uzgodnieniu z Uczestnikiem\/Klientem.<\/span><\/p>\n<p><span style=\"font-size: 16px;\">4. Je\u015bli klient ui\u015bci\u0142 op\u0142at\u0119 przed spotkaniem, a konsultacja z jakichkolwiek powod\u00f3w nie odby\u0142a si\u0119, \u015brodki zostan\u0105 zwr\u00f3cone klientowi przez organizatora. Na pro\u015bb\u0119 uczestnika \u015brodki mog\u0105 zosta\u0107 r\u00f3wnie\u017c zaliczone na poczet p\u0142atno\u015bci za konsultacje realizowane w kolejnym, uzgodnionym przez obie strony terminie.<\/span><\/p>\n\n<p>\u00a73 Konsultajce on-line<\/p>\n\n<p>W przypadku gdy zaj\u0119cia prowadzone s\u0105 on-line lub gdy materia\u0142y s\u0105 przesy\u0142ane on-line, konieczne jest zadbanie o minimalny sprz\u0119t i wymogi techniczne. Sprawd\u017a czego b\u0119dziesz potrzebowa\u0142, \u017ceby skorzysta\u0107 z zaj\u0119\u0107 on-line.<\/p>\n<p><span style=\"font-size: 16px;\">1. W przypadku konsultacji on-line lub przesy\u0142ania materia\u0142\u00f3w on-line, Uczestnik powinien posiada\u0107:<\/span><\/p>\n<p><span style=\"font-size: 16px;\">2. dost\u0119p do Internetu i aktywn\u0105 poczt\u0119 elektroniczn\u0105,<\/span><\/p>\n<p><span style=\"font-size: 16px;\">3. w przypadku zaj\u0119\u0107 on-line, dodatkowo sprz\u0119t komputerowy do uczestnictwa w zaj\u0119ciach, s\u0142uchawki lub g\u0142o\u015bnik do odtwarzania d\u017awi\u0119ku, a tak\u017ce mikrofon oraz kamer\u0119.<\/span><\/p>\n<p><span style=\"font-size: 16px;\">4. Zaleca si\u0119 uczestniczenie w zaj\u0119ciach przy wykorzystaniu sta\u0142ego \u0142\u0105cza internetowego. Mobilne \u0142\u0105cze z uwagi na sw\u00f3j charakter mo\u017ce powodowa\u0107 zak\u0142\u00f3cenia, w tym przerwanie uczestnictwa w zaj\u0119ciach.<\/span><\/p>\n<p><span style=\"font-size: 16px;\">5. Organizator nie odpowiada za nieprawid\u0142owo\u015bci techniczne w sytuacji gdy przyczyna le\u017cy po stronie Klienta\/Uczestnika lub innych podmiot\u00f3w, z kt\u00f3rych us\u0142ug Klient\/Uczestnik korzysta (np. us\u0142uga dost\u0119pu do Internetu), a kt\u00f3re to us\u0142ugi mog\u0105 mie\u0107 bezpo\u015bredni\/po\u015bredni wp\u0142yw na mo\u017cliwo\u015b\u0107 korzystania z us\u0142ug Organizatora. <\/span><\/p>\n<p><span style=\"font-size: 16px;\">6. W przypadku wyst\u0105pienia ww. problem\u00f3w technicznych, kt\u00f3re uniemo\u017cliwiaj\u0105 uczestniczenie w lekcji, zaj\u0119cia uwa\u017ca si\u0119 za zrealizowane z uwagi na gotowo\u015b\u0107 Organizatora do \u015bwiadczenia us\u0142ug i rezerwacj\u0119 terminu.<\/span><\/p>\n<p><span style=\"font-size: 16px;\">7. W przypadku wyst\u0105pienia problem\u00f3w technicznych po stronie Organizatora lub podmiot\u00f3w wspieraj\u0105cych Organizatora w realizacji umowy, kt\u00f3re uniemo\u017cliwiaj\u0105 przeprowadzenie zaj\u0119\u0107 w ca\u0142o\u015bci lub w cz\u0119\u015bci, konsultacje te &#8211;\u00a0 odpowiednio w ca\u0142o\u015bci lub w cz\u0119\u015bci, w kt\u00f3rej niemo\u017cliwe by\u0142o ich przeprowadzenie zostan\u0105 prze\u0142o\u017cone na inny termin zgodnie z dyspozycj\u0105 Uczestnika\/Klienta.<\/span><\/p>\n<p><span style=\"font-size: 16px;\">8. Udost\u0119pniane materia\u0142y mog\u0105 by\u0107 w formacie *.PDF*, *.doc, *.mp3, *.mp4 ,*.zip, *.rar, uczestnik musi posiada\u0107 programy, kt\u00f3re obs\u0142uguj\u0105 wymienione pliki.<\/span><\/p>\n<p><span style=\"font-size: 16px;\">9. W przypadku gdy materia\u0142y b\u0119d\u0105 udost\u0119pniane za po\u015brednictwem aplikacji Google Meet lub Skype konieczne b\u0119dzie posiadanie przez Uczestnika dost\u0119pu do ww. platformy. Organizator przeka\u017ce Uczestnikowi instrukcje dot. uzyskania dost\u0119pu do ww. platform.<\/span><\/p>\n\n<p>\u00a74 Postanowienia ko\u0144cowe<\/p>\n\n<p>W tym miejscu znajdziesz postanowienia, kt\u00f3re znajduj\u0105 si\u0119 w wi\u0119kszo\u015bci um\u00f3w. Ze wzgl\u0119du na formalno\u015bci,\u00a0 r\u00f3wnie\u017c my dodajemy je do Regulaminu.<\/p>\n<p><span style=\"font-size: 16px;\">1. Klient o\u015bwiadcza, \u017ce Klient\/Uczestnik zapozna\u0142 si\u0119 z za\u0142\u0105cznikiem do Regulaminu, tj. klauzul\u0105 informacyjn\u0105, w ramach kt\u00f3rej Organizator zrealizowa\u0142 obowi\u0105zki informacyjne wynikaj\u0105ce m.in. z RODO, z ustawy o \u015bwiadczeniu us\u0142ug drog\u0105 elektroniczn\u0105 oraz ustawy o prawach konsumenta.<\/span><\/p>\n<p><span style=\"font-size: 16px;\">2. Umowa wraz z Regulaminem nie wy\u0142\u0105czaj\u0105 ani nie ograniczaj\u0105 wynikaj\u0105cych z bezwzgl\u0119dnie obowi\u0105zuj\u0105cych przepis\u00f3w prawa uprawnie\u0144 Klienta b\u0119d\u0105cego Konsumentem lub Przedsi\u0119biorc\u0105 na prawach konsumenta.<\/span><\/p>\n<p><span style=\"font-size: 16px;\">3. W czasie trwania si\u0142y wy\u017cszej, Strony Umowy zwolnione b\u0119d\u0105 od wszelkiej odpowiedzialno\u015bci za jej niewykonanie lub nienale\u017cyte wykonanie, je\u017celi tylko okoliczno\u015bci zaistnienia si\u0142y wy\u017cszej b\u0119d\u0105 stanowi\u0142y przeszkod\u0119 w wykonaniu umowy. Powy\u017csze ma zastosowanie r\u00f3wnie\u017c w okresie bezpo\u015brednio poprzedzaj\u0105cym lub nast\u0119puj\u0105cym bezpo\u015brednio po wyst\u0105pieniu si\u0142y wy\u017cszej, je\u017celi tylko we wskazanym okresie oddzia\u0142ywanie si\u0142y wy\u017cszej b\u0119dzie stanowi\u0142o przeszkod\u0119 w wykonaniu umowy. Przez \u201esi\u0142\u0119 wy\u017csz\u0105\u201d nale\u017cy rozumie\u0107 zdarzenie o charakterze przypadkowym lub naturalnym, ca\u0142kowicie niezale\u017cne od woli i dzia\u0142ania Stron, kt\u00f3rego nie mo\u017cna by\u0142o przewidzie\u0107 i niemo\u017cliwe by\u0142o jego zapobie\u017cenie, w szczeg\u00f3lno\u015bci takie zdarzenia jak: pow\u00f3d\u017a, w\u0142amanie, wojna, akt terroru, wprowadzenie stanu wyj\u0105tkowego.<\/span><\/p>\n<p><span style=\"font-size: 16px;\">4. W sprawach nieuregulowanych maj\u0105 zastosowanie powszechnie obowi\u0105zuj\u0105ce przepisy, w tym przepisy ustawy \u2013 kodeks cywilny oraz ustawy o prawach konsumenta (o ile dotycz\u0105).<\/span><\/p>\n\n<p>Za\u0142\u0105cznik:<\/p>\n\n<p>&#8211; klauzula informacyjna<\/p>\n\n<p><br \/>KLAUZULA INFORMACYJNA<\/p>\n\n<p>Realizuj\u0105c obowi\u0105zek informacyjny wynikaj\u0105cy z przepis\u00f3w ustawy o \u015bwiadczeniu us\u0142ug drog\u0105 elektroniczn\u0105, a tak\u017ce ustawy z dnia\u00a0 30 maja 2014 r. o prawach konsumenta oraz przepis\u00f3w RODO, poni\u017cej przesy\u0142amy najwa\u017cniejsze informacje:<\/p>\n\n<p>OBOWI\u0104ZEK INFORMACYJNY WYNIKAJ\u0104CY Z RODO<\/p>\n\n<p>1. Administratorem danych osobowych jest\u00a0 Organizator. Dane b\u0119d\u0105 przetwarzane a) w celu zawarcia umowy oraz jej wykonywania (art. 6 ust. 1 lit. b RODO); W przypadku podania dodatkowych danych, kt\u00f3re mog\u0105 usprawni\u0107 realizacj\u0119 umowy &#8211;\u00a0 przetwarzanie b\u0119dzie odbywa\u0142o si\u0119 w oparciu o uzasadniony interes Administratora do czasu ustania celu biznesowego lub wniesienia sprzeciwu (art. 6 ust. 1 lit. f RODO) b) w celu wype\u0142nienia obowi\u0105zku prawnego, kt\u00f3ry ci\u0105\u017cy na Administratorze, w tym m.in. przepis\u00f3w podatkowych i z zakresu rachunkowo\u015bci (art. 6 ust. 1 lit. c RODO \u2013 nie d\u0142u\u017cej ni\u017c przez okres 6 lat); c) w celu realizacji prawnie uzasadnionego interesu Administratora (m.in. w postaci ustalenia lub dochodzenia roszcze\u0144\/obrony przed roszczeniami\/ marketingu us\u0142ug i produkt\u00f3w firmy, opinii) \u2013 tj. do czasu przedawnienia roszcze\u0144\/ustania celu biznesowego lub wniesienia sprzeciwu.<\/p>\n\n<p>2. Do realizacji ww. cel\u00f3w dane mog\u0105 by\u0107 powierzone m.in. firmie hostingowej,\u00a0firmie \u015bwiadcz\u0105cej us\u0142ugi rachunkowo-ksi\u0119gowe, osobom prowadz\u0105cym zaj\u0119cia, platformie do obs\u0142ugi klient\u00f3w, kurierom, urz\u0119dom pocztowym, prawnikowi. Maj\u0105 Pa\u0144stwo prawo \u017c\u0105dania dost\u0119pu do swoich danych osobowych, sprostowania, usuni\u0119cia lub ograniczenia przetwarzania danych oraz sprzeciwu wobec przetwarzania, a tak\u017ce prawo do przenoszenia danych oraz prawo do wniesienia skargi do organu nadzorczego. Zgod\u0119 mo\u017cna wycofa\u0107 w dowolnym momencie bez wp\u0142ywu na zgodno\u015b\u0107 z prawem przetwarzania dokonanego przed jej wycofaniem. W zakresie, w jakim przetwarzanie danych nast\u0119puje w celu zawarcia i realizacji umowy lub dla cel\u00f3w realizacji obowi\u0105zk\u00f3w prawnych czy ustalenia\/dochodzenia lub obrony przed roszczeniami, podanie danych jest dobrowolne, ale mo\u017ce uniemo\u017cliwia\u0107 zawarcie umowy (nie dotyczy danych fakultatywnych).<\/p>\n\n<p>OBOWI\u0104ZEK INFORMACYJNY WYNIKAJ\u0104CY Z USTAWY O \u015aWIADCZENIU US\u0141UG DROG\u0104 ELEKTRONICZN\u0104 ORAZ USTAWY O PRAWACH KONSUMENTA<\/p>\n\n<p>1. Publiczny charakter sieci Internet i\u00a0korzystanie z\u00a0us\u0142ug \u015bwiadczonych drog\u0105 elektroniczn\u0105 mo\u017ce wi\u0105za\u0107 si\u0119 z\u00a0zagro\u017ceniem pozyskania i\u00a0modyfikowania danych przez osoby nieuprawnione, dlatego nale\u017cy stosowa\u0107 w\u0142a\u015bciwe \u015brodki techniczne minimalizuj\u0105ce opisane zagro\u017cenia, w\u00a0szczeg\u00f3lno\u015bci programy antywirusowe i\u00a0chroni\u0105ce to\u017csamo\u015b\u0107. Organizator nie zwraca si\u0119 z\u00a0pro\u015bb\u0105 o\u00a0udost\u0119pnienie mu w\u00a0jakiejkolwiek formie Has\u0142a. W ramach \u015bwiadczonych us\u0142ug, obowi\u0105zuje zakaz dostarczania tre\u015bci o charakterze bezprawnym. Reklamacje dotycz\u0105ce us\u0142ug \u015bwiadczonych drog\u0105 elektroniczn\u0105 mo\u017cna kierowa\u0107 na adres Organizatora.<\/p>\n\n<p>2. Informujemy, \u017ce w przypadku zawarcia umowy na odleg\u0142o\u015b\u0107 lub poza siedzib\u0105 Organizatora, Klientowi, kt\u00f3ry jest konsumentem lub przedsi\u0119biorc\u0105 na prawach konsumentach w rozumieniu art. 385<sup>5 <\/sup>kodeksu cywilnego przys\u0142uguje ustawowe prawo do odst\u0105pienia od umowy bez podania przyczyny w terminie 14 dni od dnia zawarcia umowy z zastrze\u017ceniem ust. 5. W celu skorzystania z prawa do odst\u0105pienia, Klient informuje o tym wysy\u0142aj\u0105c np. e-mail lub pismo na adres Organizatora (wz\u00f3r: Odst\u0119puj\u0119 od umowy z dnia \u2026). Do zachowania terminu wa\u017cne jest wys\u0142anie informacji o odst\u0105pieniu od umowy przed jego up\u0142ywem.<\/p>\n\n<p>3. Klientowi nie przys\u0142uguje ustawowe prawo do odst\u0105pienia od wsp\u00f3\u0142pracy w przypadku gdy Organizator wykona\u0142 w pe\u0142ni us\u0142ug\u0119 lub rozpocz\u0105\u0142 \u015bwiadczenie us\u0142ugi o dostarczanie tre\u015bci cyfrowych za wyra\u017an\u0105 i uprzedni\u0105 zgod\u0105 Klienta, kt\u00f3ry zosta\u0142 poinformowany przed rozpocz\u0119ciem \u015bwiadczenia, \u017ce po spe\u0142nieniu \u015bwiadczenia utraci prawo odst\u0105pienia od wsp\u00f3\u0142pracy i przyj\u0105\u0142 to do wiadomo\u015bci. W przypadku us\u0142ugi o dostarczanie tre\u015bci cyfrowych, Organizator przekazuje Klientowi potwierdzenie otrzymania zgody.<\/p>\n\n<p>4. W przypadku odst\u0105pienia od Umowy Klientowi zwr\u00f3cone zostan\u0105 wszystkie otrzymane p\u0142atno\u015bci, niezw\u0142ocznie, jednak nie p\u00f3\u017aniej ni\u017c 14 dni od dnia, w kt\u00f3rym Organizator zosta\u0142 poinformowany o odst\u0105pieniu. Zwrot p\u0142atno\u015bci dokonany zostanie przy u\u017cyciu takich samych sposob\u00f3w p\u0142atno\u015bci, jakie zosta\u0142y u\u017cyte w pierwotnej transakcji, chyba \u017ce Klient wyra\u017anie zgodzi si\u0119 na inne rozwi\u0105zanie; Klient nie poniesie \u017cadnych op\u0142at w zwi\u0105zku z tym zwrotem.<\/p>\n\n<p>5. Klient mo\u017ce zwr\u00f3ci\u0107 si\u0119 do sta\u0142ego polubownego s\u0105du konsumenckiego z wnioskiem o rozstrzygni\u0119cie sporu wynik\u0142ego z umowy, wojew\u00f3dzkiego inspektora Inspekcji Handlowej z wnioskiem o wszcz\u0119cie post\u0119powania mediacyjnego, powiatowego (miejskiego) rzecznika praw konsumenta lub organizacji spo\u0142ecznej, do kt\u00f3rej statutowych zada\u0144 nale\u017cy ochrona konsument\u00f3w i uzyska\u0107 pomoc w sprawie umowy lub ma prawo; skorzysta\u0107 z platformy ODR (http:\/\/ec.europa.eu\/consumers\/odr).<\/p>\n\n<p>\u00a0<\/p>\n\t\t\t\t\t\t\t\t<\/div>\n\t\t\t\t<\/div>\n\t\t\t\t\t<\/div>\n\t\t\t\t<\/div>\n\t\t<div class=\"elementor-element elementor-element-9ebc6d2 e-flex e-con-boxed e-con e-parent\" data-id=\"9ebc6d2\" data-element_type=\"container\" data-e-type=\"container\">\n\t\t\t\t\t<div class=\"e-con-inner\">\n\t\t\t\t\t<\/div>\n\t\t\t\t<\/div>\n\t\t\t\t<\/div>\n\t\t","protected":false},"excerpt":{"rendered":"<p>REGULAMIN KONSULTACJI BUSZUJ\u0104CA W ANGIELSKIM \u00a71 Informacje podstawowe Tu dowiesz si\u0119 wi\u0119cej o tym, jak wygl\u0105da wsp\u00f3\u0142praca ze mn\u0105 1. Sylwia Chrzanowska, prowadz\u0105ca dzia\u0142alno\u015b\u0107 gospodarcz\u0105 pod nazw\u0105 Buszuj\u0105ca w angielskim, NIP: 5833471393, REGON: 524494568, adres: W\u0105w\u00f3z 7A, 80-013, Gda\u0144sk, e-mail: sylwia@buszujacawangielskim.pl, telefon: 507-069-038, zwana dalej Organizatorem, \u015bwiadczy us\u0142ugi edukacyjne dla Uczestnika, tj. przeprowadza zaj\u0119cia, kt\u00f3re [&hellip;]<\/p>\n","protected":false},"author":1,"featured_media":0,"parent":975,"menu_order":0,"comment_status":"closed","ping_status":"closed","template":"","meta":{"_uag_custom_page_level_css":"","_monsterinsights_skip_tracking":false,"_monsterinsights_sitenote_active":false,"_monsterinsights_sitenote_note":"","_monsterinsights_sitenote_category":0,"site-sidebar-layout":"default","site-content-layout":"","ast-site-content-layout":"default","site-content-style":"default","site-sidebar-style":"default","ast-global-header-display":"","ast-banner-title-visibility":"","ast-main-header-display":"","ast-hfb-above-header-display":"","ast-hfb-below-header-display":"","ast-hfb-mobile-header-display":"","site-post-title":"","ast-breadcrumbs-content":"","ast-featured-img":"","footer-sml-layout":"","ast-disable-related-posts":"","theme-transparent-header-meta":"","adv-header-id-meta":"","stick-header-meta":"","header-above-stick-meta":"","header-main-stick-meta":"","header-below-stick-meta":"","astra-migrate-meta-layouts":"default","ast-page-background-enabled":"default","ast-page-background-meta":{"desktop":{"background-color":"var(--ast-global-color-4)","background-image":"","background-repeat":"repeat","background-position":"center center","background-size":"auto","background-attachment":"scroll","background-type":"","background-media":"","overlay-type":"","overlay-color":"","overlay-opacity":"","overlay-gradient":""},"tablet":{"background-color":"","background-image":"","background-repeat":"repeat","background-position":"center center","background-size":"auto","background-attachment":"scroll","background-type":"","background-media":"","overlay-type":"","overlay-color":"","overlay-opacity":"","overlay-gradient":""},"mobile":{"background-color":"","background-image":"","background-repeat":"repeat","background-position":"center center","background-size":"auto","background-attachment":"scroll","background-type":"","background-media":"","overlay-type":"","overlay-color":"","overlay-opacity":"","overlay-gradient":""}},"ast-content-background-meta":{"desktop":{"background-color":"var(--ast-global-color-5)","background-image":"","background-repeat":"repeat","background-position":"center center","background-size":"auto","background-attachment":"scroll","background-type":"","background-media":"","overlay-type":"","overlay-color":"","overlay-opacity":"","overlay-gradient":""},"tablet":{"background-color":"var(--ast-global-color-5)","background-image":"","background-repeat":"repeat","background-position":"center center","background-size":"auto","background-attachment":"scroll","background-type":"","background-media":"","overlay-type":"","overlay-color":"","overlay-opacity":"","overlay-gradient":""},"mobile":{"background-color":"var(--ast-global-color-5)","background-image":"","background-repeat":"repeat","background-position":"center center","background-size":"auto","background-attachment":"scroll","background-type":"","background-media":"","overlay-type":"","overlay-color":"","overlay-opacity":"","overlay-gradient":""}},"footnotes":""},"class_list":["post-1312","page","type-page","status-publish","hentry"],"aioseo_notices":[],"uagb_featured_image_src":{"full":false,"thumbnail":false,"medium":false,"medium_large":false,"large":false,"1536x1536":false,"2048x2048":false},"uagb_author_info":{"display_name":"Sylwia Chrzanowska","author_link":"https:\/\/buszujacawangielskim.pl\/?author=1"},"uagb_comment_info":0,"uagb_excerpt":"REGULAMIN KONSULTACJI BUSZUJ\u0104CA W ANGIELSKIM \u00a71 Informacje podstawowe Tu dowiesz si\u0119 wi\u0119cej o tym, jak wygl\u0105da wsp\u00f3\u0142praca ze mn\u0105 1. Sylwia Chrzanowska, prowadz\u0105ca dzia\u0142alno\u015b\u0107 gospodarcz\u0105 pod nazw\u0105 Buszuj\u0105ca w angielskim, NIP: 5833471393, REGON: 524494568, adres: W\u0105w\u00f3z 7A, 80-013, Gda\u0144sk, e-mail: sylwia@buszujacawangielskim.pl, telefon: 507-069-038, zwana dalej Organizatorem, \u015bwiadczy us\u0142ugi edukacyjne dla Uczestnika, tj. przeprowadza zaj\u0119cia, kt\u00f3re&hellip;","_links":{"self":[{"href":"https:\/\/buszujacawangielskim.pl\/index.php?rest_route=\/wp\/v2\/pages\/1312","targetHints":{"allow":["GET"]}}],"collection":[{"href":"https:\/\/buszujacawangielskim.pl\/index.php?rest_route=\/wp\/v2\/pages"}],"about":[{"href":"https:\/\/buszujacawangielskim.pl\/index.php?rest_route=\/wp\/v2\/types\/page"}],"author":[{"embeddable":true,"href":"https:\/\/buszujacawangielskim.pl\/index.php?rest_route=\/wp\/v2\/users\/1"}],"replies":[{"embeddable":true,"href":"https:\/\/buszujacawangielskim.pl\/index.php?rest_route=%2Fwp%2Fv2%2Fcomments&post=1312"}],"version-history":[{"count":5,"href":"https:\/\/buszujacawangielskim.pl\/index.php?rest_route=\/wp\/v2\/pages\/1312\/revisions"}],"predecessor-version":[{"id":1466,"href":"https:\/\/buszujacawangielskim.pl\/index.php?rest_route=\/wp\/v2\/pages\/1312\/revisions\/1466"}],"up":[{"embeddable":true,"href":"https:\/\/buszujacawangielskim.pl\/index.php?rest_route=\/wp\/v2\/pages\/975"}],"wp:attachment":[{"href":"https:\/\/buszujacawangielskim.pl\/index.php?rest_route=%2Fwp%2Fv2%2Fmedia&parent=1312"}],"curies":[{"name":"wp","href":"https:\/\/api.w.org\/{rel}","templated":true}]}}