{"id":16,"date":"2023-09-12T07:06:25","date_gmt":"2023-09-12T07:06:25","guid":{"rendered":"https:\/\/buszujacawangielskim.pl\/?page_id=16"},"modified":"2025-09-07T08:42:15","modified_gmt":"2025-09-07T08:42:15","slug":"czesc","status":"publish","type":"page","link":"https:\/\/buszujacawangielskim.pl\/","title":{"rendered":"Home"},"content":{"rendered":"\n<figure class=\"wp-block-gallery aligncenter has-nested-images columns-default is-cropped wp-block-gallery-1 is-layout-flex wp-block-gallery-is-layout-flex\">\n<figure class=\"wp-block-image aligncenter\"><img decoding=\"async\" src=\"https:\/\/buszujacawangielskim.pl\/wp-content\/uploads\/Beige-Minimalist-Personal-Business-LinkedIn-Background-Photo-1.png\" alt=\"\"\/><\/figure>\n<\/figure>\n\n\n\n<div class=\"wp-block-media-text is-stacked-on-mobile is-vertically-aligned-top has-medium-font-size\" style=\"margin-top:var(--wp--preset--spacing--20);margin-right:var(--wp--preset--spacing--60);margin-bottom:var(--wp--preset--spacing--20);margin-left:var(--wp--preset--spacing--60);padding-top:var(--wp--preset--spacing--80);padding-right:0;padding-bottom:var(--wp--preset--spacing--80);padding-left:0;grid-template-columns:45% auto\"><figure class=\"wp-block-media-text__media\"><img fetchpriority=\"high\" decoding=\"async\" width=\"1080\" height=\"1434\" src=\"https:\/\/buszujacawangielskim.pl\/wp-content\/uploads\/Czeka-Cie-prezentacja-po-angielsku-i-masz-ochote-zniknac-e1733689383715.png\" alt=\"\" class=\"wp-image-1402 size-full\" srcset=\"https:\/\/buszujacawangielskim.pl\/wp-content\/uploads\/Czeka-Cie-prezentacja-po-angielsku-i-masz-ochote-zniknac-e1733689383715.png 1080w, https:\/\/buszujacawangielskim.pl\/wp-content\/uploads\/Czeka-Cie-prezentacja-po-angielsku-i-masz-ochote-zniknac-e1733689383715-768x1020.png 768w, https:\/\/buszujacawangielskim.pl\/wp-content\/uploads\/Czeka-Cie-prezentacja-po-angielsku-i-masz-ochote-zniknac-e1733689383715-599x795.png 599w\" sizes=\"(max-width: 1080px) 100vw, 1080px\" \/><\/figure><div class=\"wp-block-media-text__content\">\n<div data-aos= \"slide-up\" data-aos-duration=\"400\" data-aos-delay=\"0\" data-aos-easing=\"ease\" data-aos-once=\"true\" class=\"wp-block-uagb-info-box uagb-block-adf59fa0 uagb-infobox__content-wrap  uagb-infobox-icon-above-title uagb-infobox-image-valign-top\"><div class=\"uagb-ifb-content\"><div class=\"uagb-ifb-title-wrap\"><\/div><p class=\"uagb-ifb-desc\"><strong>Cze\u015b\u0107!<\/strong><br><br><strong>Nazywam si\u0119 Sylwia Chrzanowska i jestem trenerk\u0105 j\u0119zyka angielskiego.<\/strong><br><br>Uko\u0144czy\u0142am <strong>filologi\u0119 angielsk\u0105 <\/strong>oraz <strong>zarz\u0105dzanie ze specjalizacj\u0105 International Business Management<\/strong>, dzi\u0119ki czemu doskonale rozumiem zar\u00f3wno j\u0119zyk, jak i realia mi\u0119dzynarodowego \u015brodowiska biznesowego. <br>Do\u015bwiadczenie w nauczaniu zdobywa\u0142am w szko\u0142ach j\u0119zykowych, gdzie wspiera\u0142am rozw\u00f3j uczni\u00f3w na wszystkich poziomach zaawansowania. <br>Moj\u0105 misj\u0105 jest pom\u00f3c Ci rozwija\u0107 Twoje kompetencje j\u0119zykowe, aby\u015b Ty m\u00f3g\u0142\/mog\u0142a realizowa\u0107 swoje cele i marzenia zwi\u0105zane z <strong>lepszym wynagrodzeniem<\/strong>, prac\u0105 na <strong>wymarzonym stanowisku<\/strong>, czy te\u017c <strong>swobodn\u0105 rozmow\u0105<\/strong> z zagranicznymi klientami i partnerami biznesowymi.<br><br><strong>Pomog\u0119 Ci:<\/strong><br><br>&#8211;  poczu\u0107 si\u0119 pewniej i swobodniej w angielskich rozmowach,<br>&#8211;  skutecznie rozbudowa\u0107 s\u0142ownictwo,<br>&#8211;  zrozumie\u0107 u opanowa\u0107 gramatyk\u0119 bez stresu, <br>&#8211; oswoi\u0107 Business English (rozmowy telefoniczne i wideokonferencje, small talk, s\u0142ownictwo bran\u017cowe, pisanie maili)<br><br>Je\u015bli przygotowujesz si\u0119 do <strong>rozmowy kwalifikacyjnej<\/strong> po angielsku, jeste\u015b w dobrym miejscu \u2013 pomog\u0119 Ci prze\u0107wiczy\u0107 i udoskonali\u0107 odpowiedzi, a tak\u017ce zbudowa\u0107 pewno\u015b\u0107 siebie przed spotkaniem.<br><\/p><\/div><\/div>\n\n\n\n<div class=\"wp-block-uagb-container uagb-block-2bb5dbd2 alignfull uagb-is-root-container\"><div class=\"uagb-container-inner-blocks-wrap\"><\/div><\/div>\n<\/div><\/div>\n\n\n\n<p class=\"has-text-align-center\" style=\"font-size:23px\">Zobacz, co o wsp\u00f3\u0142pracy ze mn\u0105 m\u00f3wi\u0105 moi uczniowie:<\/p>\n\n\n\n<div class=\"wp-block-uagb-testimonial uagb-slick-carousel uagb-tm__arrow-outside uagb-block-42d088fb\"><div class=\"is-carousel uagb-tm__columns-1 uagb-tm__items\"><div class=\"uagb-testimonial__wrap  uagb-tm__imgicon-style-circle uagb-tm__image-position-bottom uagb-tm__bg-type-none \"><div class=\"uagb-tm__content\"><div class=\"uagb-tm__overlay\"><\/div><div class=\"uagb-tm__text-wrap\"><div class=\"uagb-tm__desc\">&#8222;Bardzo lubi\u0119 nasze lekcje w szczeg\u00f3lno\u015bci za lekki, swobodny spos\u00f3b prowadzenia, du\u017co speaking-u na takie ludzkie tematy, i co wa\u017cne to nie tylko ze ja m\u00f3wi\u0119, ale ze prowadzimy rozmow\u0119 &#8211; przez to te\u017c bardzo du\u017co si\u0119 ucz\u0119.&#8221;<\/div><div class=\"uagb-tm__meta-inner\"><div class=\"uagb-testimonial-details\"><span class=\"uagb-tm__author-name\">Magda<\/span><span class=\"uagb-tm__company\">&#8211;<\/span><\/div><\/div><\/div><\/div><\/div><div class=\"uagb-testimonial__wrap  uagb-tm__imgicon-style-circle uagb-tm__image-position-bottom uagb-tm__bg-type-none \"><div class=\"uagb-tm__content\"><div class=\"uagb-tm__overlay\"><\/div><div class=\"uagb-tm__text-wrap\"><div class=\"uagb-tm__desc\">&#8222;Wsp\u00f3\u0142praca z Pani\u0105 Sylwi\u0105 przynosi zamierzony skutek.\u00a0 Komunikacja znacznie si\u0119 poprawi\u0142a, obawa i strach\u00a0 przed wypowiedziami min\u0119\u0142y,\u00a0a zas\u00f3b s\u0142ownictwa powi\u0119ksza si\u0119 z ka\u017cda lekcj\u0105.&#8221;<\/div><div class=\"uagb-tm__meta-inner\"><div class=\"uagb-testimonial-details\"><span class=\"uagb-tm__author-name\">Pawe\u0142<\/span><span class=\"uagb-tm__company\">&#8211;<\/span><\/div><\/div><\/div><\/div><\/div><div class=\"uagb-testimonial__wrap  uagb-tm__imgicon-style-circle uagb-tm__image-position-bottom uagb-tm__bg-type-none \"><div class=\"uagb-tm__content\"><div class=\"uagb-tm__overlay\"><\/div><div class=\"uagb-tm__text-wrap\"><div class=\"uagb-tm__desc\">&#8222;Hej pisz\u0119 do Ciebie poniewa\u017c siedz\u0119 w kawiarni w Zakopanem i czytam artyku\u0142y naukowe w j\u0119zyku angielskim i widz\u0119 \u017ce czytam bez wi\u0119kszych problem\u00f3w!<br>\u00a0Bardzo Ci dzi\u0119kuj\u0119 za to, \u017ce dzi\u0119ki Twojej pomocy moje umiej\u0119tno\u015bci z angielskiego s\u0105 coraz lepsze!&#8221;<br>\u00a0Dzi\u0119kuj\u0119 i\u00a0 jeszcze raz dzi\u0119kuj\u0119!&#8221;<\/div><div class=\"uagb-tm__meta-inner\"><div class=\"uagb-testimonial-details\"><span class=\"uagb-tm__author-name\">Hanna<\/span><span class=\"uagb-tm__company\">&#8211;<\/span><\/div><\/div><\/div><\/div><\/div><\/div><\/div>\n\n\n\n<p class=\"has-text-align-center\" style=\"font-size:23px\">Sprawd\u017a, co nowego pojawi\u0142o si\u0119 na blogu:<\/p>\n\n\n\n\t\t\t<div data-aos= \"flip-down\" data-aos-duration=\"400\" data-aos-delay=\"0\" data-aos-easing=\"ease\" data-aos-once=\"true\" class=\"wp-block-uagb-post-carousel uagb-post-grid  uagb-post__image-position-top uagb-post__image-enabled uagb-block-38e3ed97     uagb-post__arrow-outside uagb-slick-carousel uagb-post__items uagb-post__columns-4 is-carousel uagb-post__columns-tablet-2 uagb-post__columns-mobile-1 uagb-post__carousel_equal-height\" data-total=\"2\" style=\"\">\n\n\t\t\t\t\t\t\t\t\t\t\t\t<article class=\"uagb-post__inner-wrap\">\t\t\t\t\t\t\t\t<div class='uagb-post__image'>\n\t\t\t\t\t\t\t\t\t<a href=\"https:\/\/buszujacawangielskim.pl\/?p=1201\" target=\"_self\" rel=\"bookmark noopener noreferrer\"><img decoding=\"async\" width=\"768\" height=\"1086\" src=\"https:\/\/buszujacawangielskim.pl\/wp-content\/uploads\/Negocjacje-obrazek-768x1086.png\" class=\"attachment-medium_large size-medium_large\" alt=\"\" srcset=\"https:\/\/buszujacawangielskim.pl\/wp-content\/uploads\/Negocjacje-obrazek-768x1086.png 768w, https:\/\/buszujacawangielskim.pl\/wp-content\/uploads\/Negocjacje-obrazek-1086x1536.png 1086w, https:\/\/buszujacawangielskim.pl\/wp-content\/uploads\/Negocjacje-obrazek-599x847.png 599w, https:\/\/buszujacawangielskim.pl\/wp-content\/uploads\/Negocjacje-obrazek.png 1414w\" sizes=\"(max-width: 768px) 100vw, 768px\" \/>\t\t\t\t\t<\/a>\n\t\t\t\t\t\t\t\t\t<\/div>\n\t\t\t\t\t\t<h1 class=\"uagb-post__title uagb-post__text\">\n\t\t\t\t<a href=\"https:\/\/buszujacawangielskim.pl\/?p=1201\" target=\"_self\" rel=\"bookmark noopener noreferrer\">Jak skutecznie przygotowa\u0107 si\u0119 do negocjacji po angielsku?\u00a0<\/a>\n\t\t\t<\/h1>\n\t\t\t\t\t\t<div class='uagb-post__text uagb-post-grid-byline'>\n\t\t\t\t\t\t\t\t<time datetime=\"2024-10-13T13:35:02+00:00\" class=\"uagb-post__date\">\n\t\t\t\t<span class=\"dashicons-calendar dashicons\"><\/span>\t\t\t\t\t13 pa\u017adziernika, 2024\t\t\t\t<\/time>\n\t\t\t\t\t\t<\/div>\n\t\t\t\t\t\t\t<div class='uagb-post__text uagb-post__excerpt'>\n\t\t\t\t\t<p>Czekaj\u0105 Ci\u0119 pierwsze negocjacje po angielsku, a Ty na sam\u0105 my\u015bl o&#8230;\t\t\t\t<\/div>\n\t\t\t\t\t\t<div class=\"uagb-post__text uagb-post__cta wp-block-button\">\n\t\t\t\t<a class=\"wp-block-button__link uagb-text-link\" style=\"\" href=\"https:\/\/buszujacawangielskim.pl\/?p=1201\" target=\"_self\" rel=\"bookmark noopener noreferrer\">Czytaj dalej<\/a>\n\t\t\t<\/div>\n\t\t\t\n\t\t\t\t\t\t\t\t\t<\/article>\n\t\t\t\t\t\t\t\t\t\t\t\t\t\t\t\t<article class=\"uagb-post__inner-wrap\">\t\t\t\t\t\t\t\t<div class='uagb-post__image'>\n\t\t\t\t\t\t\t\t\t<a href=\"https:\/\/buszujacawangielskim.pl\/?p=369\" target=\"_self\" rel=\"bookmark noopener noreferrer\"><img decoding=\"async\" width=\"768\" height=\"1086\" src=\"https:\/\/buszujacawangielskim.pl\/wp-content\/uploads\/Kopia-\u2013-PDFy-na-bloga-1-768x1086.png\" class=\"attachment-medium_large size-medium_large\" alt=\"\" srcset=\"https:\/\/buszujacawangielskim.pl\/wp-content\/uploads\/Kopia-\u2013-PDFy-na-bloga-1-768x1086.png 768w, https:\/\/buszujacawangielskim.pl\/wp-content\/uploads\/Kopia-\u2013-PDFy-na-bloga-1-1086x1536.png 1086w, https:\/\/buszujacawangielskim.pl\/wp-content\/uploads\/Kopia-\u2013-PDFy-na-bloga-1-599x847.png 599w, https:\/\/buszujacawangielskim.pl\/wp-content\/uploads\/Kopia-\u2013-PDFy-na-bloga-1.png 1414w\" sizes=\"(max-width: 768px) 100vw, 768px\" \/>\t\t\t\t\t<\/a>\n\t\t\t\t\t\t\t\t\t<\/div>\n\t\t\t\t\t\t<h1 class=\"uagb-post__title uagb-post__text\">\n\t\t\t\t<a href=\"https:\/\/buszujacawangielskim.pl\/?p=369\" target=\"_self\" rel=\"bookmark noopener noreferrer\">Dwie rzeczy, kt\u00f3re mo\u017cesz zrobi\u0107 dla swojego angielskiego jeszcze w tym roku<\/a>\n\t\t\t<\/h1>\n\t\t\t\t\t\t<div class='uagb-post__text uagb-post-grid-byline'>\n\t\t\t\t\t\t\t\t<time datetime=\"2023-12-13T13:53:38+00:00\" class=\"uagb-post__date\">\n\t\t\t\t<span class=\"dashicons-calendar dashicons\"><\/span>\t\t\t\t\t13 grudnia, 2023\t\t\t\t<\/time>\n\t\t\t\t\t\t<\/div>\n\t\t\t\t\t\t\t<div class='uagb-post__text uagb-post__excerpt'>\n\t\t\t\t\t<p>1. Podsumuj to, co uda\u0142o Ci si\u0119 ju\u017c osi\u0105gn\u0105\u0107 (i przemy\u015bl, jakie&#8230;\t\t\t\t<\/div>\n\t\t\t\t\t\t<div class=\"uagb-post__text uagb-post__cta wp-block-button\">\n\t\t\t\t<a class=\"wp-block-button__link uagb-text-link\" style=\"\" href=\"https:\/\/buszujacawangielskim.pl\/?p=369\" target=\"_self\" rel=\"bookmark noopener noreferrer\">Czytaj dalej<\/a>\n\t\t\t<\/div>\n\t\t\t\n\t\t\t\t\t\t\t\t\t<\/article>\n\t\t\t\t\t\t\t\t\t\t\t\t\t\t\t\t<article class=\"uagb-post__inner-wrap\">\t\t\t\t\t\t\t\t<h1 class=\"uagb-post__title uagb-post__text\">\n\t\t\t\t<a href=\"https:\/\/buszujacawangielskim.pl\/?p=1090\" target=\"_self\" rel=\"bookmark noopener noreferrer\">Angielski w hotelu<\/a>\n\t\t\t<\/h1>\n\t\t\t\t\t\t<div class='uagb-post__text uagb-post-grid-byline'>\n\t\t\t\t\t\t\t\t<time datetime=\"2024-06-29T11:28:30+00:00\" class=\"uagb-post__date\">\n\t\t\t\t<span class=\"dashicons-calendar dashicons\"><\/span>\t\t\t\t\t29 czerwca, 2024\t\t\t\t<\/time>\n\t\t\t\t\t\t<\/div>\n\t\t\t\t\t\t\t<div class='uagb-post__text uagb-post__excerpt'>\n\t\t\t\t\t<p>Lato, czyli czas letnich wyjazd\u00f3w w pe\u0142ni! Zanim jednak postawisz stop\u0119 na&#8230;\t\t\t\t<\/div>\n\t\t\t\t\t\t<div class=\"uagb-post__text uagb-post__cta wp-block-button\">\n\t\t\t\t<a class=\"wp-block-button__link uagb-text-link\" style=\"\" href=\"https:\/\/buszujacawangielskim.pl\/?p=1090\" target=\"_self\" rel=\"bookmark noopener noreferrer\">Czytaj dalej<\/a>\n\t\t\t<\/div>\n\t\t\t\n\t\t\t\t\t\t\t\t\t<\/article>\n\t\t\t\t\t\t\t\t\t\t\t\t\t\t\t\t<article class=\"uagb-post__inner-wrap\">\t\t\t\t\t\t\t\t<div class='uagb-post__image'>\n\t\t\t\t\t\t\t\t\t<a href=\"https:\/\/buszujacawangielskim.pl\/?p=913\" target=\"_self\" rel=\"bookmark noopener noreferrer\"><img loading=\"lazy\" decoding=\"async\" width=\"768\" height=\"1086\" src=\"https:\/\/buszujacawangielskim.pl\/wp-content\/uploads\/Kopia-\u2013-PDFy-na-bloga-3-768x1086.png\" class=\"attachment-medium_large size-medium_large\" alt=\"\" srcset=\"https:\/\/buszujacawangielskim.pl\/wp-content\/uploads\/Kopia-\u2013-PDFy-na-bloga-3-768x1086.png 768w, https:\/\/buszujacawangielskim.pl\/wp-content\/uploads\/Kopia-\u2013-PDFy-na-bloga-3-1086x1536.png 1086w, https:\/\/buszujacawangielskim.pl\/wp-content\/uploads\/Kopia-\u2013-PDFy-na-bloga-3-599x847.png 599w, https:\/\/buszujacawangielskim.pl\/wp-content\/uploads\/Kopia-\u2013-PDFy-na-bloga-3.png 1414w\" sizes=\"(max-width: 768px) 100vw, 768px\" \/>\t\t\t\t\t<\/a>\n\t\t\t\t\t\t\t\t\t<\/div>\n\t\t\t\t\t\t<h1 class=\"uagb-post__title uagb-post__text\">\n\t\t\t\t<a href=\"https:\/\/buszujacawangielskim.pl\/?p=913\" target=\"_self\" rel=\"bookmark noopener noreferrer\">Pytania po\u015brednie w j\u0119zyku angielskim<\/a>\n\t\t\t<\/h1>\n\t\t\t\t\t\t<div class='uagb-post__text uagb-post-grid-byline'>\n\t\t\t\t\t\t\t\t<time datetime=\"2024-06-11T05:29:37+00:00\" class=\"uagb-post__date\">\n\t\t\t\t<span class=\"dashicons-calendar dashicons\"><\/span>\t\t\t\t\t11 czerwca, 2024\t\t\t\t<\/time>\n\t\t\t\t\t\t<\/div>\n\t\t\t\t\t\t\t<div class='uagb-post__text uagb-post__excerpt'>\n\t\t\t\t\t<p>\u00a0 1. Czym s\u0105 pytania po\u015brednie i jak je tworzymy? Pytania po\u015brednie&#8230;\t\t\t\t<\/div>\n\t\t\t\t\t\t<div class=\"uagb-post__text uagb-post__cta wp-block-button\">\n\t\t\t\t<a class=\"wp-block-button__link uagb-text-link\" style=\"\" href=\"https:\/\/buszujacawangielskim.pl\/?p=913\" target=\"_self\" rel=\"bookmark noopener noreferrer\">Czytaj dalej<\/a>\n\t\t\t<\/div>\n\t\t\t\n\t\t\t\t\t\t\t\t\t<\/article>\n\t\t\t\t\t\t\t\t\t\t\t\t\t\t\t\t<article class=\"uagb-post__inner-wrap\">\t\t\t\t\t\t\t\t<div class='uagb-post__image'>\n\t\t\t\t\t\t\t\t\t<a href=\"https:\/\/buszujacawangielskim.pl\/?p=1335\" target=\"_self\" rel=\"bookmark noopener noreferrer\"><img loading=\"lazy\" decoding=\"async\" width=\"768\" height=\"1086\" src=\"https:\/\/buszujacawangielskim.pl\/wp-content\/uploads\/Kopia-\u2013-PDFy-na-bloga-4-768x1086.png\" class=\"attachment-medium_large size-medium_large\" alt=\"\" srcset=\"https:\/\/buszujacawangielskim.pl\/wp-content\/uploads\/Kopia-\u2013-PDFy-na-bloga-4-768x1086.png 768w, https:\/\/buszujacawangielskim.pl\/wp-content\/uploads\/Kopia-\u2013-PDFy-na-bloga-4-1086x1536.png 1086w, https:\/\/buszujacawangielskim.pl\/wp-content\/uploads\/Kopia-\u2013-PDFy-na-bloga-4-599x847.png 599w, https:\/\/buszujacawangielskim.pl\/wp-content\/uploads\/Kopia-\u2013-PDFy-na-bloga-4.png 1414w\" sizes=\"(max-width: 768px) 100vw, 768px\" \/>\t\t\t\t\t<\/a>\n\t\t\t\t\t\t\t\t\t<\/div>\n\t\t\t\t\t\t<h1 class=\"uagb-post__title uagb-post__text\">\n\t\t\t\t<a href=\"https:\/\/buszujacawangielskim.pl\/?p=1335\" target=\"_self\" rel=\"bookmark noopener noreferrer\">Jak zyska\u0107 pewno\u015b\u0107 siebie w angielskim small talku?\u00a0<\/a>\n\t\t\t<\/h1>\n\t\t\t\t\t\t<div class='uagb-post__text uagb-post-grid-byline'>\n\t\t\t\t\t\t\t\t<time datetime=\"2024-11-11T11:18:45+00:00\" class=\"uagb-post__date\">\n\t\t\t\t<span class=\"dashicons-calendar dashicons\"><\/span>\t\t\t\t\t11 listopada, 2024\t\t\t\t<\/time>\n\t\t\t\t\t\t<\/div>\n\t\t\t\t\t\t\t<div class='uagb-post__text uagb-post__excerpt'>\n\t\t\t\t\t<p>Jak zyska\u0107 pewno\u015b\u0107 siebie w angielskim small talku?&nbsp; Small talk to bardzo&#8230;\t\t\t\t<\/div>\n\t\t\t\t\t\t<div class=\"uagb-post__text uagb-post__cta wp-block-button\">\n\t\t\t\t<a class=\"wp-block-button__link uagb-text-link\" style=\"\" href=\"https:\/\/buszujacawangielskim.pl\/?p=1335\" target=\"_self\" rel=\"bookmark noopener noreferrer\">Czytaj dalej<\/a>\n\t\t\t<\/div>\n\t\t\t\n\t\t\t\t\t\t\t\t\t<\/article>\n\t\t\t\t\t\t\t\t\t\t\t\t\t\t\t\t<article class=\"uagb-post__inner-wrap\">\t\t\t\t\t\t\t\t<div class='uagb-post__image'>\n\t\t\t\t\t\t\t\t\t<a href=\"https:\/\/buszujacawangielskim.pl\/?p=635\" target=\"_self\" rel=\"bookmark noopener noreferrer\"><img loading=\"lazy\" decoding=\"async\" width=\"768\" height=\"1086\" src=\"https:\/\/buszujacawangielskim.pl\/wp-content\/uploads\/Kopia-\u2013-PDFy-na-bloga-2-768x1086.png\" class=\"attachment-medium_large size-medium_large\" alt=\"\" srcset=\"https:\/\/buszujacawangielskim.pl\/wp-content\/uploads\/Kopia-\u2013-PDFy-na-bloga-2-768x1086.png 768w, https:\/\/buszujacawangielskim.pl\/wp-content\/uploads\/Kopia-\u2013-PDFy-na-bloga-2-1086x1536.png 1086w, https:\/\/buszujacawangielskim.pl\/wp-content\/uploads\/Kopia-\u2013-PDFy-na-bloga-2-599x847.png 599w, https:\/\/buszujacawangielskim.pl\/wp-content\/uploads\/Kopia-\u2013-PDFy-na-bloga-2.png 1414w\" sizes=\"(max-width: 768px) 100vw, 768px\" \/>\t\t\t\t\t<\/a>\n\t\t\t\t\t\t\t\t\t<\/div>\n\t\t\t\t\t\t<h1 class=\"uagb-post__title uagb-post__text\">\n\t\t\t\t<a href=\"https:\/\/buszujacawangielskim.pl\/?p=635\" target=\"_self\" rel=\"bookmark noopener noreferrer\">6 Rzeczy kt\u00f3re sprawi\u0105, \u017ce pokochasz nauk\u0119 angielskiego (jeszcze bardziej)\u00a0<\/a>\n\t\t\t<\/h1>\n\t\t\t\t\t\t<div class='uagb-post__text uagb-post-grid-byline'>\n\t\t\t\t\t\t\t\t<time datetime=\"2024-02-16T11:13:14+00:00\" class=\"uagb-post__date\">\n\t\t\t\t<span class=\"dashicons-calendar dashicons\"><\/span>\t\t\t\t\t16 lutego, 2024\t\t\t\t<\/time>\n\t\t\t\t\t\t<\/div>\n\t\t\t\t\t\t\t<div class='uagb-post__text uagb-post__excerpt'>\n\t\t\t\t\t<p>\u00a0 Jak pokocha\u0107 nauk\u0119 angielskiego (jeszcze bardziej)? Oczywistym jest, \u017ce trzymanie si\u0119&#8230;\t\t\t\t<\/div>\n\t\t\t\t\t\t<div class=\"uagb-post__text uagb-post__cta wp-block-button\">\n\t\t\t\t<a class=\"wp-block-button__link uagb-text-link\" style=\"\" href=\"https:\/\/buszujacawangielskim.pl\/?p=635\" target=\"_self\" rel=\"bookmark noopener noreferrer\">Czytaj dalej<\/a>\n\t\t\t<\/div>\n\t\t\t\n\t\t\t\t\t\t\t\t\t<\/article>\n\t\t\t\t\t\t\t\t\t\t\t<\/div>\n\t\t\t\n\n\n<p><\/p>\n","protected":false},"excerpt":{"rendered":"<p>Zobacz, co o wsp\u00f3\u0142pracy ze mn\u0105 m\u00f3wi\u0105 moi uczniowie: Sprawd\u017a, co nowego pojawi\u0142o si\u0119 na blogu:<\/p>\n","protected":false},"author":1,"featured_media":0,"parent":0,"menu_order":0,"comment_status":"closed","ping_status":"closed","template":"","meta":{"_uag_custom_page_level_css":"","_monsterinsights_skip_tracking":false,"_monsterinsights_sitenote_active":false,"_monsterinsights_sitenote_note":"","_monsterinsights_sitenote_category":0,"site-sidebar-layout":"default","site-content-layout":"","ast-site-content-layout":"","site-content-style":"default","site-sidebar-style":"default","ast-global-header-display":"","ast-banner-title-visibility":"","ast-main-header-display":"","ast-hfb-above-header-display":"","ast-hfb-below-header-display":"","ast-hfb-mobile-header-display":"","site-post-title":"disabled","ast-breadcrumbs-content":"","ast-featured-img":"","footer-sml-layout":"","ast-disable-related-posts":"","theme-transparent-header-meta":"","adv-header-id-meta":"","stick-header-meta":"","header-above-stick-meta":"","header-main-stick-meta":"","header-below-stick-meta":"","astra-migrate-meta-layouts":"","ast-page-background-enabled":"default","ast-page-background-meta":{"desktop":{"background-color":"var(--ast-global-color-4)","background-image":"","background-repeat":"repeat","background-position":"center center","background-size":"auto","background-attachment":"scroll","background-type":"","background-media":"","overlay-type":"","overlay-color":"","overlay-opacity":"","overlay-gradient":""},"tablet":{"background-color":"","background-image":"","background-repeat":"repeat","background-position":"center center","background-size":"auto","background-attachment":"scroll","background-type":"","background-media":"","overlay-type":"","overlay-color":"","overlay-opacity":"","overlay-gradient":""},"mobile":{"background-color":"","background-image":"","background-repeat":"repeat","background-position":"center center","background-size":"auto","background-attachment":"scroll","background-type":"","background-media":"","overlay-type":"","overlay-color":"","overlay-opacity":"","overlay-gradient":""}},"ast-content-background-meta":{"desktop":{"background-color":"var(--ast-global-color-5)","background-image":"","background-repeat":"repeat","background-position":"center center","background-size":"auto","background-attachment":"scroll","background-type":"","background-media":"","overlay-type":"","overlay-color":"","overlay-opacity":"","overlay-gradient":""},"tablet":{"background-color":"var(--ast-global-color-5)","background-image":"","background-repeat":"repeat","background-position":"center center","background-size":"auto","background-attachment":"scroll","background-type":"","background-media":"","overlay-type":"","overlay-color":"","overlay-opacity":"","overlay-gradient":""},"mobile":{"background-color":"var(--ast-global-color-5)","background-image":"","background-repeat":"repeat","background-position":"center center","background-size":"auto","background-attachment":"scroll","background-type":"","background-media":"","overlay-type":"","overlay-color":"","overlay-opacity":"","overlay-gradient":""}},"footnotes":""},"class_list":["post-16","page","type-page","status-publish","hentry"],"aioseo_notices":[],"uagb_featured_image_src":{"full":false,"thumbnail":false,"medium":false,"medium_large":false,"large":false,"1536x1536":false,"2048x2048":false},"uagb_author_info":{"display_name":"Sylwia Chrzanowska","author_link":"https:\/\/buszujacawangielskim.pl\/?author=1"},"uagb_comment_info":0,"uagb_excerpt":"Zobacz, co o wsp\u00f3\u0142pracy ze mn\u0105 m\u00f3wi\u0105 moi uczniowie: Sprawd\u017a, co nowego pojawi\u0142o si\u0119 na blogu:","_links":{"self":[{"href":"https:\/\/buszujacawangielskim.pl\/index.php?rest_route=\/wp\/v2\/pages\/16","targetHints":{"allow":["GET"]}}],"collection":[{"href":"https:\/\/buszujacawangielskim.pl\/index.php?rest_route=\/wp\/v2\/pages"}],"about":[{"href":"https:\/\/buszujacawangielskim.pl\/index.php?rest_route=\/wp\/v2\/types\/page"}],"author":[{"embeddable":true,"href":"https:\/\/buszujacawangielskim.pl\/index.php?rest_route=\/wp\/v2\/users\/1"}],"replies":[{"embeddable":true,"href":"https:\/\/buszujacawangielskim.pl\/index.php?rest_route=%2Fwp%2Fv2%2Fcomments&post=16"}],"version-history":[{"count":5,"href":"https:\/\/buszujacawangielskim.pl\/index.php?rest_route=\/wp\/v2\/pages\/16\/revisions"}],"predecessor-version":[{"id":1439,"href":"https:\/\/buszujacawangielskim.pl\/index.php?rest_route=\/wp\/v2\/pages\/16\/revisions\/1439"}],"wp:attachment":[{"href":"https:\/\/buszujacawangielskim.pl\/index.php?rest_route=%2Fwp%2Fv2%2Fmedia&parent=16"}],"curies":[{"name":"wp","href":"https:\/\/api.w.org\/{rel}","templated":true}]}}