{"id":358,"date":"2023-12-13T13:31:31","date_gmt":"2023-12-13T13:31:31","guid":{"rendered":"https:\/\/buszujacawangielskim.pl\/?page_id=358"},"modified":"2024-10-13T14:51:01","modified_gmt":"2024-10-13T14:51:01","slug":"blog","status":"publish","type":"page","link":"https:\/\/buszujacawangielskim.pl\/?page_id=358","title":{"rendered":"Blog"},"content":{"rendered":"\n<hr class=\"wp-block-separator has-text-color has-ast-global-color-0-color has-alpha-channel-opacity has-ast-global-color-0-background-color has-background\"\/>\n\n\n\n<hr class=\"wp-block-separator has-text-color has-ast-global-color-0-color has-alpha-channel-opacity has-ast-global-color-0-background-color has-background\"\/>\n\n\n\n<div class=\"wp-block-media-text is-stacked-on-mobile\" style=\"grid-template-columns:57% auto\"><figure class=\"wp-block-media-text__media\"><img fetchpriority=\"high\" decoding=\"async\" width=\"1584\" height=\"396\" src=\"https:\/\/buszujacawangielskim.pl\/wp-content\/uploads\/Banery-postystrona-8.png\" alt=\"\" class=\"wp-image-1307 size-full\" srcset=\"https:\/\/buszujacawangielskim.pl\/wp-content\/uploads\/Banery-postystrona-8.png 1584w, https:\/\/buszujacawangielskim.pl\/wp-content\/uploads\/Banery-postystrona-8-768x192.png 768w, https:\/\/buszujacawangielskim.pl\/wp-content\/uploads\/Banery-postystrona-8-1536x384.png 1536w, https:\/\/buszujacawangielskim.pl\/wp-content\/uploads\/Banery-postystrona-8-599x150.png 599w\" sizes=\"(max-width: 1584px) 100vw, 1584px\" \/><\/figure><div class=\"wp-block-media-text__content\">\n<p>Czekaj\u0105 Ci\u0119 negocjacje po angielsku? Mam dla Ciebie kilka skutecznych wskaz\u00f3wek, dzi\u0119ki kt\u00f3rym poczujesz si\u0119 pewniej. <\/p>\n\n\n\n<div class=\"wp-block-buttons is-layout-flex wp-block-buttons-is-layout-flex\">\n<div class=\"wp-block-button\"><a class=\"wp-block-button__link wp-element-button\" href=\"https:\/\/buszujacawangielskim.pl\/?p=1201\">Czytaj dalej <\/a><\/div>\n<\/div>\n<\/div><\/div>\n\n\n\n<hr class=\"wp-block-separator has-text-color has-ast-global-color-0-color has-alpha-channel-opacity has-ast-global-color-0-background-color has-background\"\/>\n\n\n\n<div class=\"wp-block-media-text is-stacked-on-mobile\" style=\"grid-template-columns:57% auto\"><figure class=\"wp-block-media-text__media\"><img decoding=\"async\" width=\"1584\" height=\"396\" src=\"https:\/\/buszujacawangielskim.pl\/wp-content\/uploads\/Banery-postystrona-7.png\" alt=\"\" class=\"wp-image-1126 size-full\" srcset=\"https:\/\/buszujacawangielskim.pl\/wp-content\/uploads\/Banery-postystrona-7.png 1584w, https:\/\/buszujacawangielskim.pl\/wp-content\/uploads\/Banery-postystrona-7-768x192.png 768w, https:\/\/buszujacawangielskim.pl\/wp-content\/uploads\/Banery-postystrona-7-1536x384.png 1536w, https:\/\/buszujacawangielskim.pl\/wp-content\/uploads\/Banery-postystrona-7-599x150.png 599w\" sizes=\"(max-width: 1584px) 100vw, 1584px\" \/><\/figure><div class=\"wp-block-media-text__content\">\n<p>Nie wyobra\u017casz sobie zagranicznych podr\u00f3\u017cy bez pr\u00f3bowania lokalnych da\u0144? Mam co\u015b dla Ciebie!<\/p>\n\n\n\n<div class=\"wp-block-buttons is-layout-flex wp-block-buttons-is-layout-flex\">\n<div class=\"wp-block-button\"><a class=\"wp-block-button__link wp-element-button\" href=\"https:\/\/buszujacawangielskim.pl\/?p=1118(otworzy si\u0119 w nowej karcie)\">Czytaj dalej<\/a><\/div>\n<\/div>\n<\/div><\/div>\n\n\n\n<hr class=\"wp-block-separator has-text-color has-ast-global-color-0-color has-alpha-channel-opacity has-ast-global-color-0-background-color has-background\"\/>\n\n\n\n<div class=\"wp-block-media-text is-stacked-on-mobile\" style=\"grid-template-columns:57% auto\"><figure class=\"wp-block-media-text__media\"><img decoding=\"async\" width=\"1584\" height=\"396\" src=\"https:\/\/buszujacawangielskim.pl\/wp-content\/uploads\/Banery-postystrona-3.png\" alt=\"\" class=\"wp-image-1094 size-full\" srcset=\"https:\/\/buszujacawangielskim.pl\/wp-content\/uploads\/Banery-postystrona-3.png 1584w, https:\/\/buszujacawangielskim.pl\/wp-content\/uploads\/Banery-postystrona-3-768x192.png 768w, https:\/\/buszujacawangielskim.pl\/wp-content\/uploads\/Banery-postystrona-3-1536x384.png 1536w, https:\/\/buszujacawangielskim.pl\/wp-content\/uploads\/Banery-postystrona-3-599x150.png 599w\" sizes=\"(max-width: 1584px) 100vw, 1584px\" \/><\/figure><div class=\"wp-block-media-text__content\">\n<p>Planujesz pobyt w hotelu? To s\u0142ownictwo Ci si\u0119 przyda!<\/p>\n\n\n\n<div class=\"wp-block-buttons is-layout-flex wp-block-buttons-is-layout-flex\">\n<div class=\"wp-block-button\"><a class=\"wp-block-button__link wp-element-button\" href=\"https:\/\/buszujacawangielskim.pl\/?p=1090(otworzy si\u0119 w nowej karcie)\">Czytaj dalej<\/a><\/div>\n<\/div>\n<\/div><\/div>\n\n\n\n<hr class=\"wp-block-separator has-text-color has-ast-global-color-0-color has-alpha-channel-opacity has-ast-global-color-0-background-color has-background\"\/>\n\n\n\n<div class=\"wp-block-media-text is-stacked-on-mobile\" style=\"grid-template-columns:57% auto\"><figure class=\"wp-block-media-text__media\"><img loading=\"lazy\" decoding=\"async\" width=\"1584\" height=\"396\" src=\"https:\/\/buszujacawangielskim.pl\/wp-content\/uploads\/Banery-postystrona-1.png\" alt=\"\" class=\"wp-image-1009 size-full\" srcset=\"https:\/\/buszujacawangielskim.pl\/wp-content\/uploads\/Banery-postystrona-1.png 1584w, https:\/\/buszujacawangielskim.pl\/wp-content\/uploads\/Banery-postystrona-1-768x192.png 768w, https:\/\/buszujacawangielskim.pl\/wp-content\/uploads\/Banery-postystrona-1-1536x384.png 1536w, https:\/\/buszujacawangielskim.pl\/wp-content\/uploads\/Banery-postystrona-1-599x150.png 599w\" sizes=\"(max-width: 1584px) 100vw, 1584px\" \/><\/figure><div class=\"wp-block-media-text__content\">\n<p>Czasy angielskie sp\u0119dzaj\u0105 Ci sen z powiek? Przyjrzyjmy si\u0119 im wsp\u00f3lnie!<\/p>\n\n\n\n<div class=\"wp-block-buttons is-layout-flex wp-block-buttons-is-layout-flex\">\n<div class=\"wp-block-button\"><a class=\"wp-block-button__link wp-element-button\" href=\"https:\/\/buszujacawangielskim.pl\/?page_id=1003\">Czytaj dalej<\/a><\/div>\n<\/div>\n<\/div><\/div>\n\n\n\n<hr class=\"wp-block-separator has-text-color has-ast-global-color-0-color has-alpha-channel-opacity has-ast-global-color-0-background-color has-background\"\/>\n\n\n\n<div class=\"wp-block-media-text is-stacked-on-mobile\" style=\"grid-template-columns:57% auto\"><figure class=\"wp-block-media-text__media\"><img loading=\"lazy\" decoding=\"async\" width=\"1584\" height=\"396\" src=\"https:\/\/buszujacawangielskim.pl\/wp-content\/uploads\/Kopia-\u2013-Baner-3.png\" alt=\"\" class=\"wp-image-956 size-full\" srcset=\"https:\/\/buszujacawangielskim.pl\/wp-content\/uploads\/Kopia-\u2013-Baner-3.png 1584w, https:\/\/buszujacawangielskim.pl\/wp-content\/uploads\/Kopia-\u2013-Baner-3-768x192.png 768w, https:\/\/buszujacawangielskim.pl\/wp-content\/uploads\/Kopia-\u2013-Baner-3-1536x384.png 1536w, https:\/\/buszujacawangielskim.pl\/wp-content\/uploads\/Kopia-\u2013-Baner-3-599x150.png 599w\" sizes=\"(max-width: 1584px) 100vw, 1584px\" \/><\/figure><div class=\"wp-block-media-text__content\">\n<p>Pytania po\u015brednie w j\u0119zyku angielskim to wa\u017cny element codziennych rozm\u00f3w. Sprawd\u017a, czy umiesz si\u0119 nimi pos\u0142ugiwa\u0107!<\/p>\n\n\n\n<div class=\"wp-block-buttons is-layout-flex wp-block-buttons-is-layout-flex\">\n<div class=\"wp-block-button\"><a class=\"wp-block-button__link wp-element-button\" href=\"https:\/\/buszujacawangielskim.pl\/?page_id=932\">Czytaj dalej<\/a><\/div>\n<\/div>\n<\/div><\/div>\n\n\n\n<hr class=\"wp-block-separator has-text-color has-ast-global-color-0-color has-alpha-channel-opacity has-ast-global-color-0-background-color has-background\"\/>\n\n\n\n<div class=\"wp-block-media-text is-stacked-on-mobile\" style=\"grid-template-columns:57% auto\"><figure class=\"wp-block-media-text__media\"><img loading=\"lazy\" decoding=\"async\" width=\"1584\" height=\"396\" src=\"https:\/\/buszujacawangielskim.pl\/wp-content\/uploads\/Kopia-\u2013-Baner.2png.png\" alt=\"\" class=\"wp-image-960 size-full\" srcset=\"https:\/\/buszujacawangielskim.pl\/wp-content\/uploads\/Kopia-\u2013-Baner.2png.png 1584w, https:\/\/buszujacawangielskim.pl\/wp-content\/uploads\/Kopia-\u2013-Baner.2png-768x192.png 768w, https:\/\/buszujacawangielskim.pl\/wp-content\/uploads\/Kopia-\u2013-Baner.2png-1536x384.png 1536w, https:\/\/buszujacawangielskim.pl\/wp-content\/uploads\/Kopia-\u2013-Baner.2png-599x150.png 599w\" sizes=\"(max-width: 1584px) 100vw, 1584px\" \/><\/figure><div class=\"wp-block-media-text__content\">\n<p>Dzi\u015b chcia\u0142abym zdradzi\u0107 Ci, jak w 6 prostych krokach sprawi\u0107, by nauka angielskiego by\u0142a jeszcze przyjemniejsza. <\/p>\n\n\n\n<div class=\"wp-block-buttons is-layout-flex wp-block-buttons-is-layout-flex\">\n<div class=\"wp-block-button\"><a class=\"wp-block-button__link wp-element-button\" href=\"https:\/\/buszujacawangielskim.pl\/?p=635\">Czytaj dalej<\/a><\/div>\n<\/div>\n<\/div><\/div>\n\n\n\n<hr class=\"wp-block-separator has-text-color has-ast-global-color-0-color has-alpha-channel-opacity has-ast-global-color-0-background-color has-background\"\/>\n\n\n\n<div class=\"wp-block-media-text is-stacked-on-mobile\" style=\"grid-template-columns:57% auto\"><figure class=\"wp-block-media-text__media\"><img loading=\"lazy\" decoding=\"async\" width=\"1584\" height=\"396\" src=\"https:\/\/buszujacawangielskim.pl\/wp-content\/uploads\/Kopia-\u2013-Baner3.png\" alt=\"\" class=\"wp-image-963 size-full\" srcset=\"https:\/\/buszujacawangielskim.pl\/wp-content\/uploads\/Kopia-\u2013-Baner3.png 1584w, https:\/\/buszujacawangielskim.pl\/wp-content\/uploads\/Kopia-\u2013-Baner3-768x192.png 768w, https:\/\/buszujacawangielskim.pl\/wp-content\/uploads\/Kopia-\u2013-Baner3-1536x384.png 1536w, https:\/\/buszujacawangielskim.pl\/wp-content\/uploads\/Kopia-\u2013-Baner3-599x150.png 599w\" sizes=\"(max-width: 1584px) 100vw, 1584px\" \/><\/figure><div class=\"wp-block-media-text__content\">\n<p>Wskakuj po dwie cenne wskaz\u00f3wki, kt\u00f3re warto wdro\u017cy\u0107 jeszcze przed Sylwestrem.<\/p>\n\n\n\n<div class=\"wp-block-buttons is-layout-flex wp-block-buttons-is-layout-flex\">\n<div class=\"wp-block-button\"><a class=\"wp-block-button__link wp-element-button\" href=\"https:\/\/buszujacawangielskim.pl\/?p=369\">Czytaj dalej<\/a><\/div>\n<\/div>\n<\/div><\/div>\n\n\n\n<p><\/p>\n","protected":false},"excerpt":{"rendered":"","protected":false},"author":1,"featured_media":0,"parent":0,"menu_order":0,"comment_status":"closed","ping_status":"closed","template":"","meta":{"_uag_custom_page_level_css":"","_monsterinsights_skip_tracking":false,"_monsterinsights_sitenote_active":false,"_monsterinsights_sitenote_note":"","_monsterinsights_sitenote_category":0,"site-sidebar-layout":"default","site-content-layout":"","ast-site-content-layout":"default","site-content-style":"default","site-sidebar-style":"default","ast-global-header-display":"","ast-banner-title-visibility":"","ast-main-header-display":"","ast-hfb-above-header-display":"","ast-hfb-below-header-display":"","ast-hfb-mobile-header-display":"","site-post-title":"disabled","ast-breadcrumbs-content":"","ast-featured-img":"","footer-sml-layout":"","ast-disable-related-posts":"","theme-transparent-header-meta":"","adv-header-id-meta":"","stick-header-meta":"","header-above-stick-meta":"","header-main-stick-meta":"","header-below-stick-meta":"","astra-migrate-meta-layouts":"","ast-page-background-enabled":"default","ast-page-background-meta":{"desktop":{"background-color":"var(--ast-global-color-4)","background-image":"","background-repeat":"repeat","background-position":"center center","background-size":"auto","background-attachment":"scroll","background-type":"","background-media":"","overlay-type":"","overlay-color":"","overlay-opacity":"","overlay-gradient":""},"tablet":{"background-color":"","background-image":"","background-repeat":"repeat","background-position":"center center","background-size":"auto","background-attachment":"scroll","background-type":"","background-media":"","overlay-type":"","overlay-color":"","overlay-opacity":"","overlay-gradient":""},"mobile":{"background-color":"","background-image":"","background-repeat":"repeat","background-position":"center center","background-size":"auto","background-attachment":"scroll","background-type":"","background-media":"","overlay-type":"","overlay-color":"","overlay-opacity":"","overlay-gradient":""}},"ast-content-background-meta":{"desktop":{"background-color":"var(--ast-global-color-5)","background-image":"","background-repeat":"repeat","background-position":"center center","background-size":"auto","background-attachment":"scroll","background-type":"","background-media":"","overlay-type":"","overlay-color":"","overlay-opacity":"","overlay-gradient":""},"tablet":{"background-color":"var(--ast-global-color-5)","background-image":"","background-repeat":"repeat","background-position":"center center","background-size":"auto","background-attachment":"scroll","background-type":"","background-media":"","overlay-type":"","overlay-color":"","overlay-opacity":"","overlay-gradient":""},"mobile":{"background-color":"var(--ast-global-color-5)","background-image":"","background-repeat":"repeat","background-position":"center center","background-size":"auto","background-attachment":"scroll","background-type":"","background-media":"","overlay-type":"","overlay-color":"","overlay-opacity":"","overlay-gradient":""}},"footnotes":""},"class_list":["post-358","page","type-page","status-publish","hentry"],"aioseo_notices":[],"uagb_featured_image_src":{"full":false,"thumbnail":false,"medium":false,"medium_large":false,"large":false,"1536x1536":false,"2048x2048":false},"uagb_author_info":{"display_name":"Sylwia Chrzanowska","author_link":"https:\/\/buszujacawangielskim.pl\/?author=1"},"uagb_comment_info":0,"uagb_excerpt":null,"_links":{"self":[{"href":"https:\/\/buszujacawangielskim.pl\/index.php?rest_route=\/wp\/v2\/pages\/358","targetHints":{"allow":["GET"]}}],"collection":[{"href":"https:\/\/buszujacawangielskim.pl\/index.php?rest_route=\/wp\/v2\/pages"}],"about":[{"href":"https:\/\/buszujacawangielskim.pl\/index.php?rest_route=\/wp\/v2\/types\/page"}],"author":[{"embeddable":true,"href":"https:\/\/buszujacawangielskim.pl\/index.php?rest_route=\/wp\/v2\/users\/1"}],"replies":[{"embeddable":true,"href":"https:\/\/buszujacawangielskim.pl\/index.php?rest_route=%2Fwp%2Fv2%2Fcomments&post=358"}],"version-history":[{"count":5,"href":"https:\/\/buszujacawangielskim.pl\/index.php?rest_route=\/wp\/v2\/pages\/358\/revisions"}],"predecessor-version":[{"id":1309,"href":"https:\/\/buszujacawangielskim.pl\/index.php?rest_route=\/wp\/v2\/pages\/358\/revisions\/1309"}],"wp:attachment":[{"href":"https:\/\/buszujacawangielskim.pl\/index.php?rest_route=%2Fwp%2Fv2%2Fmedia&parent=358"}],"curies":[{"name":"wp","href":"https:\/\/api.w.org\/{rel}","templated":true}]}}