{"id":498,"date":"2024-01-19T06:06:53","date_gmt":"2024-01-19T06:06:53","guid":{"rendered":"https:\/\/buszujacawangielskim.pl\/?page_id=498"},"modified":"2024-02-18T20:34:22","modified_gmt":"2024-02-18T20:34:22","slug":"kontakt","status":"publish","type":"page","link":"https:\/\/buszujacawangielskim.pl\/?page_id=498","title":{"rendered":"Kontakt"},"content":{"rendered":"\n<div class=\"wp-block-media-text has-media-on-the-right is-stacked-on-mobile\" style=\"grid-template-columns:auto 34%\"><div class=\"wp-block-media-text__content\">\n<p class=\"has-medium-font-size\">Kontakt<\/p>\n\n\n\n<p>Wszelkie uwagi i pytania odno\u015bnie ebook\u00f3w, tre\u015bci zamieszczonych na stronie lub te\u017c mo\u017cliwo\u015bci nawi\u0105zania wsp\u00f3\u0142pracy mo\u017cesz \u015bmia\u0142o kierowa\u0107 na jeden z poni\u017cszych adres\u00f3w mailowych &#8211; z przyjemno\u015bci\u0105 odpowiem na Twoj\u0105 wiadomo\u015b\u0107. \ud83d\ude42<\/p>\n\n\n\n<p><a href=\"mailto:sylwia@buszujacawangielskim.pl\" target=\"_blank\" rel=\"noreferrer noopener\">sylwia@buszujacawangielskim.pl<\/a><\/p>\n\n\n\n<p>sylwiamaaria@gmail.com<\/p>\n<\/div><figure class=\"wp-block-media-text__media\"><img fetchpriority=\"high\" decoding=\"async\" width=\"2011\" height=\"2560\" src=\"https:\/\/buszujacawangielskim.pl\/wp-content\/uploads\/Zdjecie_kontakt-scaled.jpg\" alt=\"\" class=\"wp-image-500 size-full\" srcset=\"https:\/\/buszujacawangielskim.pl\/wp-content\/uploads\/Zdjecie_kontakt-scaled.jpg 2011w, https:\/\/buszujacawangielskim.pl\/wp-content\/uploads\/Zdjecie_kontakt-1571x2000.jpg 1571w, https:\/\/buszujacawangielskim.pl\/wp-content\/uploads\/Zdjecie_kontakt-768x978.jpg 768w, https:\/\/buszujacawangielskim.pl\/wp-content\/uploads\/Zdjecie_kontakt-1207x1536.jpg 1207w, https:\/\/buszujacawangielskim.pl\/wp-content\/uploads\/Zdjecie_kontakt-1609x2048.jpg 1609w, https:\/\/buszujacawangielskim.pl\/wp-content\/uploads\/Zdjecie_kontakt-1320x1680.jpg 1320w, https:\/\/buszujacawangielskim.pl\/wp-content\/uploads\/Zdjecie_kontakt-599x762.jpg 599w\" sizes=\"(max-width: 2011px) 100vw, 2011px\" \/><\/figure><\/div>\n","protected":false},"excerpt":{"rendered":"<p>Kontakt Wszelkie uwagi i pytania odno\u015bnie ebook\u00f3w, tre\u015bci zamieszczonych na stronie lub te\u017c mo\u017cliwo\u015bci nawi\u0105zania wsp\u00f3\u0142pracy mo\u017cesz \u015bmia\u0142o kierowa\u0107 na jeden z poni\u017cszych adres\u00f3w mailowych &#8211; z przyjemno\u015bci\u0105 odpowiem na Twoj\u0105 wiadomo\u015b\u0107. \ud83d\ude42 sylwia@buszujacawangielskim.pl sylwiamaaria@gmail.com<\/p>\n","protected":false},"author":1,"featured_media":0,"parent":0,"menu_order":0,"comment_status":"closed","ping_status":"closed","template":"","meta":{"_uag_custom_page_level_css":"","_monsterinsights_skip_tracking":false,"_monsterinsights_sitenote_active":false,"_monsterinsights_sitenote_note":"","_monsterinsights_sitenote_category":0,"site-sidebar-layout":"default","site-content-layout":"","ast-site-content-layout":"default","site-content-style":"default","site-sidebar-style":"default","ast-global-header-display":"","ast-banner-title-visibility":"","ast-main-header-display":"","ast-hfb-above-header-display":"","ast-hfb-below-header-display":"","ast-hfb-mobile-header-display":"","site-post-title":"disabled","ast-breadcrumbs-content":"","ast-featured-img":"","footer-sml-layout":"","ast-disable-related-posts":"","theme-transparent-header-meta":"","adv-header-id-meta":"","stick-header-meta":"","header-above-stick-meta":"","header-main-stick-meta":"","header-below-stick-meta":"","astra-migrate-meta-layouts":"default","ast-page-background-enabled":"default","ast-page-background-meta":{"desktop":{"background-color":"var(--ast-global-color-4)","background-image":"","background-repeat":"repeat","background-position":"center center","background-size":"auto","background-attachment":"scroll","background-type":"","background-media":"","overlay-type":"","overlay-color":"","overlay-opacity":"","overlay-gradient":""},"tablet":{"background-color":"","background-image":"","background-repeat":"repeat","background-position":"center center","background-size":"auto","background-attachment":"scroll","background-type":"","background-media":"","overlay-type":"","overlay-color":"","overlay-opacity":"","overlay-gradient":""},"mobile":{"background-color":"","background-image":"","background-repeat":"repeat","background-position":"center center","background-size":"auto","background-attachment":"scroll","background-type":"","background-media":"","overlay-type":"","overlay-color":"","overlay-opacity":"","overlay-gradient":""}},"ast-content-background-meta":{"desktop":{"background-color":"var(--ast-global-color-5)","background-image":"","background-repeat":"repeat","background-position":"center center","background-size":"auto","background-attachment":"scroll","background-type":"","background-media":"","overlay-type":"","overlay-color":"","overlay-opacity":"","overlay-gradient":""},"tablet":{"background-color":"var(--ast-global-color-5)","background-image":"","background-repeat":"repeat","background-position":"center center","background-size":"auto","background-attachment":"scroll","background-type":"","background-media":"","overlay-type":"","overlay-color":"","overlay-opacity":"","overlay-gradient":""},"mobile":{"background-color":"var(--ast-global-color-5)","background-image":"","background-repeat":"repeat","background-position":"center center","background-size":"auto","background-attachment":"scroll","background-type":"","background-media":"","overlay-type":"","overlay-color":"","overlay-opacity":"","overlay-gradient":""}},"footnotes":""},"class_list":["post-498","page","type-page","status-publish","hentry"],"aioseo_notices":[],"uagb_featured_image_src":{"full":false,"thumbnail":false,"medium":false,"medium_large":false,"large":false,"1536x1536":false,"2048x2048":false},"uagb_author_info":{"display_name":"Sylwia Chrzanowska","author_link":"https:\/\/buszujacawangielskim.pl\/?author=1"},"uagb_comment_info":0,"uagb_excerpt":"Kontakt Wszelkie uwagi i pytania odno\u015bnie ebook\u00f3w, tre\u015bci zamieszczonych na stronie lub te\u017c mo\u017cliwo\u015bci nawi\u0105zania wsp\u00f3\u0142pracy mo\u017cesz \u015bmia\u0142o kierowa\u0107 na jeden z poni\u017cszych adres\u00f3w mailowych &#8211; z przyjemno\u015bci\u0105 odpowiem na Twoj\u0105 wiadomo\u015b\u0107. \ud83d\ude42 sylwia@buszujacawangielskim.pl sylwiamaaria@gmail.com","_links":{"self":[{"href":"https:\/\/buszujacawangielskim.pl\/index.php?rest_route=\/wp\/v2\/pages\/498","targetHints":{"allow":["GET"]}}],"collection":[{"href":"https:\/\/buszujacawangielskim.pl\/index.php?rest_route=\/wp\/v2\/pages"}],"about":[{"href":"https:\/\/buszujacawangielskim.pl\/index.php?rest_route=\/wp\/v2\/types\/page"}],"author":[{"embeddable":true,"href":"https:\/\/buszujacawangielskim.pl\/index.php?rest_route=\/wp\/v2\/users\/1"}],"replies":[{"embeddable":true,"href":"https:\/\/buszujacawangielskim.pl\/index.php?rest_route=%2Fwp%2Fv2%2Fcomments&post=498"}],"version-history":[{"count":0,"href":"https:\/\/buszujacawangielskim.pl\/index.php?rest_route=\/wp\/v2\/pages\/498\/revisions"}],"wp:attachment":[{"href":"https:\/\/buszujacawangielskim.pl\/index.php?rest_route=%2Fwp%2Fv2%2Fmedia&parent=498"}],"curies":[{"name":"wp","href":"https:\/\/api.w.org\/{rel}","templated":true}]}}