{"id":971,"date":"2024-06-11T11:44:22","date_gmt":"2024-06-11T11:44:22","guid":{"rendered":"https:\/\/buszujacawangielskim.pl\/?page_id=971"},"modified":"2024-06-11T11:44:35","modified_gmt":"2024-06-11T11:44:35","slug":"971-2","status":"publish","type":"page","link":"https:\/\/buszujacawangielskim.pl\/?page_id=971","title":{"rendered":""},"content":{"rendered":"\n<div class=\"wp-block-media-text is-stacked-on-mobile\" style=\"grid-template-columns:40% auto\"><figure class=\"wp-block-media-text__media\"><img fetchpriority=\"high\" decoding=\"async\" width=\"1253\" height=\"2000\" src=\"https:\/\/buszujacawangielskim.pl\/wp-content\/uploads\/buszujac-w-gramatyce-1-1253x2000.png\" alt=\"\" class=\"wp-image-972 size-full\" srcset=\"https:\/\/buszujacawangielskim.pl\/wp-content\/uploads\/buszujac-w-gramatyce-1-1253x2000.png 1253w, https:\/\/buszujacawangielskim.pl\/wp-content\/uploads\/buszujac-w-gramatyce-1-768x1226.png 768w, https:\/\/buszujacawangielskim.pl\/wp-content\/uploads\/buszujac-w-gramatyce-1-963x1536.png 963w, https:\/\/buszujacawangielskim.pl\/wp-content\/uploads\/buszujac-w-gramatyce-1-1283x2048.png 1283w, https:\/\/buszujacawangielskim.pl\/wp-content\/uploads\/buszujac-w-gramatyce-1-599x956.png 599w, https:\/\/buszujacawangielskim.pl\/wp-content\/uploads\/buszujac-w-gramatyce-1.png 1410w\" sizes=\"(max-width: 1253px) 100vw, 1253px\" \/><\/figure><div class=\"wp-block-media-text__content\">\n<p>Pora od\u015bwie\u017cy\u0107 wiadomo\u015bci o pytaniach po\u015brednich w j\u0119zyku angielskim. Sprawd\u017a, czy wiesz jak je tworzy\u0107!<\/p>\n\n\n\n<div class=\"wp-block-file alignleft\"><a id=\"wp-block-file--media-772f2d60-62f9-42b5-9a14-58f3ff184aeb\" href=\"https:\/\/buszujacawangielskim.pl\/wp-content\/uploads\/Buszujac-w-gramatyce_pytania-posrednie-2.pdf\">Buszuj\u0105c w gramatyce_pytania po\u015brednie<\/a><a href=\"https:\/\/buszujacawangielskim.pl\/wp-content\/uploads\/Buszujac-w-gramatyce_pytania-posrednie-2.pdf\" class=\"wp-block-file__button wp-element-button\" download aria-describedby=\"wp-block-file--media-772f2d60-62f9-42b5-9a14-58f3ff184aeb\">Pobierz<\/a><\/div>\n<\/div><\/div>\n","protected":false},"excerpt":{"rendered":"","protected":false},"author":1,"featured_media":0,"parent":0,"menu_order":0,"comment_status":"closed","ping_status":"closed","template":"","meta":{"_uag_custom_page_level_css":"","_monsterinsights_skip_tracking":false,"_monsterinsights_sitenote_active":false,"_monsterinsights_sitenote_note":"","_monsterinsights_sitenote_category":0,"site-sidebar-layout":"default","site-content-layout":"","ast-site-content-layout":"default","site-content-style":"default","site-sidebar-style":"default","ast-global-header-display":"","ast-banner-title-visibility":"","ast-main-header-display":"","ast-hfb-above-header-display":"","ast-hfb-below-header-display":"","ast-hfb-mobile-header-display":"","site-post-title":"disabled","ast-breadcrumbs-content":"","ast-featured-img":"","footer-sml-layout":"","ast-disable-related-posts":"","theme-transparent-header-meta":"","adv-header-id-meta":"","stick-header-meta":"","header-above-stick-meta":"","header-main-stick-meta":"","header-below-stick-meta":"","astra-migrate-meta-layouts":"default","ast-page-background-enabled":"default","ast-page-background-meta":{"desktop":{"background-color":"var(--ast-global-color-4)","background-image":"","background-repeat":"repeat","background-position":"center center","background-size":"auto","background-attachment":"scroll","background-type":"","background-media":"","overlay-type":"","overlay-color":"","overlay-opacity":"","overlay-gradient":""},"tablet":{"background-color":"","background-image":"","background-repeat":"repeat","background-position":"center center","background-size":"auto","background-attachment":"scroll","background-type":"","background-media":"","overlay-type":"","overlay-color":"","overlay-opacity":"","overlay-gradient":""},"mobile":{"background-color":"","background-image":"","background-repeat":"repeat","background-position":"center center","background-size":"auto","background-attachment":"scroll","background-type":"","background-media":"","overlay-type":"","overlay-color":"","overlay-opacity":"","overlay-gradient":""}},"ast-content-background-meta":{"desktop":{"background-color":"var(--ast-global-color-5)","background-image":"","background-repeat":"repeat","background-position":"center center","background-size":"auto","background-attachment":"scroll","background-type":"","background-media":"","overlay-type":"","overlay-color":"","overlay-opacity":"","overlay-gradient":""},"tablet":{"background-color":"var(--ast-global-color-5)","background-image":"","background-repeat":"repeat","background-position":"center center","background-size":"auto","background-attachment":"scroll","background-type":"","background-media":"","overlay-type":"","overlay-color":"","overlay-opacity":"","overlay-gradient":""},"mobile":{"background-color":"var(--ast-global-color-5)","background-image":"","background-repeat":"repeat","background-position":"center center","background-size":"auto","background-attachment":"scroll","background-type":"","background-media":"","overlay-type":"","overlay-color":"","overlay-opacity":"","overlay-gradient":""}},"footnotes":""},"class_list":["post-971","page","type-page","status-publish","hentry"],"aioseo_notices":[],"uagb_featured_image_src":{"full":false,"thumbnail":false,"medium":false,"medium_large":false,"large":false,"1536x1536":false,"2048x2048":false},"uagb_author_info":{"display_name":"Sylwia Chrzanowska","author_link":"https:\/\/buszujacawangielskim.pl\/?author=1"},"uagb_comment_info":0,"uagb_excerpt":null,"_links":{"self":[{"href":"https:\/\/buszujacawangielskim.pl\/index.php?rest_route=\/wp\/v2\/pages\/971","targetHints":{"allow":["GET"]}}],"collection":[{"href":"https:\/\/buszujacawangielskim.pl\/index.php?rest_route=\/wp\/v2\/pages"}],"about":[{"href":"https:\/\/buszujacawangielskim.pl\/index.php?rest_route=\/wp\/v2\/types\/page"}],"author":[{"embeddable":true,"href":"https:\/\/buszujacawangielskim.pl\/index.php?rest_route=\/wp\/v2\/users\/1"}],"replies":[{"embeddable":true,"href":"https:\/\/buszujacawangielskim.pl\/index.php?rest_route=%2Fwp%2Fv2%2Fcomments&post=971"}],"version-history":[{"count":1,"href":"https:\/\/buszujacawangielskim.pl\/index.php?rest_route=\/wp\/v2\/pages\/971\/revisions"}],"predecessor-version":[{"id":974,"href":"https:\/\/buszujacawangielskim.pl\/index.php?rest_route=\/wp\/v2\/pages\/971\/revisions\/974"}],"wp:attachment":[{"href":"https:\/\/buszujacawangielskim.pl\/index.php?rest_route=%2Fwp%2Fv2%2Fmedia&parent=971"}],"curies":[{"name":"wp","href":"https:\/\/api.w.org\/{rel}","templated":true}]}}